{"id":9366,"date":"2020-09-17T18:38:44","date_gmt":"2020-09-18T01:38:44","guid":{"rendered":"https:\/\/truecare.org\/proveedores\/"},"modified":"2025-08-25T14:24:43","modified_gmt":"2025-08-25T21:24:43","slug":"proveedores","status":"publish","type":"page","link":"https:\/\/truecare.org\/es\/proveedores\/","title":{"rendered":"Proveedores"},"content":{"rendered":"<p>[et_pb_section fb_built=\u00bb1&#8243; _builder_version=\u00bb4.20.4&#8243; _module_preset=\u00bbdefault\u00bb background_color=\u00bb#1d969a\u00bb custom_padding=\u00bb0px||0px||false|false\u00bb locked=\u00bboff\u00bb global_colors_info=\u00bb{}\u00bb][et_pb_row custom_padding_last_edited=\u00bbon|phone\u00bb _builder_version=\u00bb4.20.4&#8243; _module_preset=\u00bbdefault\u00bb custom_padding=\u00bb80px||50px||false|false\u00bb custom_padding_tablet=\u00bb80px||50px||false|false\u00bb custom_padding_phone=\u00bb50px||30px||false|false\u00bb global_colors_info=\u00bb{}\u00bb][et_pb_column type=\u00bb4_4&#8243; _builder_version=\u00bb4.20.4&#8243; _module_preset=\u00bbdefault\u00bb global_colors_info=\u00bb{}\u00bb][et_pb_text module_class=\u00bbforma\u00bb _builder_version=\u00bb4.20.4&#8243; _module_preset=\u00bbdefault\u00bb text_text_color=\u00bb#FFFFFF\u00bb text_font_size=\u00bb40px\u00bb text_line_height=\u00bb1.2em\u00bb header_text_color=\u00bb#FFFFFF\u00bb header_font_size=\u00bb40px\u00bb text_font_size_tablet=\u00bb35px\u00bb text_font_size_phone=\u00bb25px\u00bb text_font_size_last_edited=\u00bbon|phone\u00bb header_font_size_tablet=\u00bb40px\u00bb header_font_size_phone=\u00bb30px\u00bb header_font_size_last_edited=\u00bbon|phone\u00bb header_line_height_tablet=\u00bb\u00bb header_line_height_phone=\u00bb1.2em\u00bb header_line_height_last_edited=\u00bbon|phone\u00bb locked=\u00bboff\u00bb global_colors_info=\u00bb{}\u00bb]<\/p>\n<h1>Proveedor de atenci\u00f3n m\u00e9dica San Diego &amp; Riverside<\/h1>\n<p>[\/et_pb_text][\/et_pb_column][\/et_pb_row][\/et_pb_section][et_pb_section fb_built=\u00bb1&#8243; _builder_version=\u00bb4.20.4&#8243; _module_preset=\u00bbdefault\u00bb custom_padding=\u00bb0px||0px||false|false\u00bb saved_tabs=\u00bball\u00bb locked=\u00bboff\u00bb collapsed=\u00bbon\u00bb global_colors_info=\u00bb{}\u00bb][et_pb_row _builder_version=\u00bb4.20.4&#8243; _module_preset=\u00bbdefault\u00bb custom_padding=\u00bb40px||40px||false|false\u00bb collapsed=\u00bboff\u00bb global_colors_info=\u00bb{}\u00bb][et_pb_column type=\u00bb4_4&#8243; _builder_version=\u00bb4.20.4&#8243; _module_preset=\u00bbdefault\u00bb global_colors_info=\u00bb{}\u00bb][et_pb_text _builder_version=\u00bb4.27.4&#8243; _module_preset=\u00bbdefault\u00bb text_font_size=\u00bb15px\u00bb global_colors_info=\u00bb{}\u00bb]<span><span><a href=\"https:\/\/truecare.org\/es\/\">Inicio<\/a><\/span><\/span>[\/et_pb_text][\/et_pb_column][\/et_pb_row][\/et_pb_section][et_pb_section fb_built=\u00bb1&#8243; admin_label=\u00bbWe put the health in health care. \/ Body Copy &#8211; Section\u00bb _builder_version=\u00bb4.16&#8243; custom_padding=\u00bb0px||0px||false|false\u00bb locked=\u00bboff\u00bb collapsed=\u00bbon\u00bb global_colors_info=\u00bb{}\u00bb][et_pb_row custom_padding_last_edited=\u00bbon|desktop\u00bb admin_label=\u00bbPonemos la salud en el cuidado de la salud. \/ Body Copy &#8211; Fila\u00bb _builder_version=\u00bb4.20.4&#8243; width_last_edited=\u00bboff|desktop\u00bb custom_margin_last_edited=\u00bboff|desktop\u00bb custom_padding=\u00bb0px||10px||false|false\u00bb custom_padding_tablet=\u00bb||10px||false|false\u00bb custom_padding_phone=\u00bb||10px||false|false\u00bb locked=\u00bboff\u00bb global_colors_info=\u00bb{}\u00bb][et_pb_column type=\u00bb4_4&#8243; _builder_version=\u00bb4.16&#8243; global_colors_info=\u00bb{}\u00bb][et_pb_text admin_label=\u00bbFind a Doctor near me, search by:\u00bb module_class=\u00bbforma-font\u00bb _builder_version=\u00bb4.20.4&#8243; text_text_color=\u00bb#f88807&#8243; text_font_size=\u00bb23px\u00bb text_line_height=\u00bb1.6em\u00bb header_text_color=\u00bb#e41b7a\u00bb header_2_text_color=\u00bb#f6891e\u00bb header_2_font_size=\u00bb35px\u00bb custom_margin=\u00bb||0px||false|false\u00bb header_font_size_tablet=\u00bb\u00bb header_font_size_phone=\u00bb45px\u00bb header_font_size_last_edited=\u00bbon|phone\u00bb header_2_font_size_tablet=\u00bb35px\u00bb header_2_font_size_phone=\u00bb26px\u00bb header_2_font_size_last_edited=\u00bbon|phone\u00bb global_colors_info=\u00bb{}\u00bb]<\/p>\n<h2>Ponemos la salud en el cuidado de la salud.<\/h2>\n<p>[\/et_pb_text][\/et_pb_column][\/et_pb_row][et_pb_row custom_padding_last_edited=\u00bbon|desktop\u00bb admin_label=\u00bbPonemos la salud en el cuidado de la salud. \/ Body Copy &#8211; Fila\u00bb _builder_version=\u00bb4.16&#8243; width_last_edited=\u00bboff|desktop\u00bb custom_margin_last_edited=\u00bboff|desktop\u00bb custom_padding=\u00bb0px||30px||false|false\u00bb custom_padding_tablet=\u00bb||8%||false|false\u00bb custom_padding_phone=\u00bb||10%||false|false\u00bb locked=\u00bboff\u00bb global_colors_info=\u00bb{}\u00bb][et_pb_column type=\u00bb4_4&#8243; _builder_version=\u00bb4.16&#8243; global_colors_info=\u00bb{}\u00bb][et_pb_text admin_label=\u00bbWe put the health in health care.\u00bb _builder_version=\u00bb4.20.4&#8243; text_line_height=\u00bb1.6em\u00bb header_text_color=\u00bb#e41b7a\u00bb custom_margin=\u00bb||20px||false|false\u00bb global_colors_info=\u00bb{}\u00bb]<\/p>\n<p><strong>Nuestro dedicado equipo de profesionales de la salud<\/strong> es un apasionado de nuestra comunidad y realmente se preocupa por el bienestar de nuestros pacientes.<\/p>\n<p>[\/et_pb_text][et_pb_text admin_label=\u00bbFind a Doctor near me, search by:\u00bb module_class=\u00bbforma\u00bb _builder_version=\u00bb4.16&#8243; text_text_color=\u00bb#f88807&#8243; text_font_size=\u00bb23px\u00bb text_line_height=\u00bb1.6em\u00bb header_text_color=\u00bb#e41b7a\u00bb custom_margin=\u00bb||0px||false|false\u00bb global_colors_info=\u00bb{}\u00bb]Encuentra un Doctor cerca de m\u00ed, busca por:[\/et_pb_text][\/et_pb_column][\/et_pb_row][\/et_pb_section][et_pb_section fb_built=\u00bb1&#8243; admin_label=\u00bbDivi Machine Filters\u00bb _builder_version=\u00bb4.27.4&#8243; custom_padding=\u00bb0px||0px||false|false\u00bb locked=\u00bboff\u00bb collapsed=\u00bboff\u00bb global_colors_info=\u00bb{}\u00bb][et_pb_row custom_padding_last_edited=\u00bbon|phone\u00bb admin_label=\u00bbFiltros de M\u00e1quina Divi\u00bb module_id=\u00bbdoc-search\u00bb _builder_version=\u00bb4.27.4&#8243; custom_padding=\u00bb0px||0px||false|false\u00bb custom_padding_tablet=\u00bb0px||0px||false|false\u00bb custom_padding_phone=\u00bb||30px||false|false\u00bb global_colors_info=\u00bb{}\u00bb][et_pb_column type=\u00bb4_4&#8243; _builder_version=\u00bb4.16&#8243; global_colors_info=\u00bb{}\u00bb][et_pb_de_mach_filter_posts filter_update_type=\u00bbupdate_field\u00bb filter_location=\u00bbfullwidth\u00bb column_gap=\u00bb50px\u00bb _builder_version=\u00bb4.27.4&#8243; form_field_background_color=\u00bb#ffffff\u00bb form_field_text_color=\u00bb#e41b7a\u00bb form_field_focus_background_color=\u00bb#ffffff\u00bb form_field_focus_text_color=\u00bb#e41b7a\u00bb title_text_color=\u00bb#e41b7a\u00bb title_font_size=\u00bb18px\u00bb form_field_font_size=\u00bb18px\u00bb custom_padding=\u00bb||||false|false\u00bb hover_enabled=\u00bb0&#8243; border_color_all=\u00bb#a1a1a1&#8243; global_colors_info=\u00bb{}\u00bb sticky_enabled=\u00bb0&#8243;][et_pb_de_mach_search_posts_item title=\u00bbServicio de bienestar\u00bb filter_post_type=\u00bbacf\u00bb post_type_choose=\u00bbdoctors\u00bb acf_name=\u00bbfield_5f08ef05479b9&#8243; show_label=\u00bboff\u00bb radio_show_empty=\u00bbon\u00bb hide_module_for_empty=\u00bboff\u00bb field_id=\u00bbField_1&#8243; select_placeholder=\u00bbServicio de bienestar\u00bb _builder_version=\u00bb4.27.4&#8243; title_text_color=\u00bb#e41b7a\u00bb title_font_size=\u00bb18px\u00bb hover_enabled=\u00bb0&#8243; global_colors_info=\u00bb{}\u00bb sticky_enabled=\u00bb0&#8243;][\/et_pb_de_mach_search_posts_item][et_pb_de_mach_search_posts_item title=\u00bbUbicaci\u00f3n\u00bb filter_post_type=\u00bbacf\u00bb post_type_choose=\u00bbdoctors\u00bb acf_name=\u00bbfield_5f08f1d26bbf1&#8243; show_label=\u00bboff\u00bb radio_show_empty=\u00bbon\u00bb hide_module_for_empty=\u00bboff\u00bb field_id=\u00bbField_2&#8243; select_placeholder=\u00bbUbicaci\u00f3n\u00bb _builder_version=\u00bb4.27.4&#8243; _module_preset=\u00bbdefault\u00bb title_text_color=\u00bb#e41b7a\u00bb title_font_size=\u00bb18px\u00bb custom_padding=\u00bb|||0px|false|false\u00bb hover_enabled=\u00bb0&#8243; global_colors_info=\u00bb{}\u00bb sticky_enabled=\u00bb0&#8243;][\/et_pb_de_mach_search_posts_item][et_pb_de_mach_search_posts_item title=\u00bbG\u00e9nero\u00bb filter_post_type=\u00bbacf\u00bb post_type_choose=\u00bbdoctors\u00bb acf_name=\u00bbfield_5f0d2c5386ad0&#8243; show_label=\u00bboff\u00bb radio_show_empty=\u00bbon\u00bb hide_module_for_empty=\u00bboff\u00bb field_id=\u00bbField_3&#8243; select_placeholder=\u00bbG\u00e9nero\u00bb _builder_version=\u00bb4.27.4&#8243; title_text_color=\u00bb#e41b7a\u00bb title_font_size=\u00bb18px\u00bb hover_enabled=\u00bb0&#8243; global_colors_info=\u00bb{}\u00bb sticky_enabled=\u00bb0&#8243;][\/et_pb_de_mach_search_posts_item][\/et_pb_de_mach_filter_posts][\/et_pb_column][\/et_pb_row][\/et_pb_section][et_pb_section fb_built=\u00bb1&#8243; admin_label=\u00bbDivi Machine Filters\u00bb _builder_version=\u00bb4.20.4&#8243; custom_padding=\u00bb0px||0px||false|false\u00bb locked=\u00bboff\u00bb collapsed=\u00bboff\u00bb global_colors_info=\u00bb{}\u00bb][et_pb_row admin_label=\u00bbFiltros de M\u00e1quina Divi\u00bb module_id=\u00bbdoc-search\u00bb _builder_version=\u00bb4.16&#8243; custom_margin=\u00bb||20px||false|false\u00bb custom_padding=\u00bb0px||0px||false|false\u00bb global_colors_info=\u00bb{}\u00bb][et_pb_column type=\u00bb4_4&#8243; _builder_version=\u00bb4.16&#8243; global_colors_info=\u00bb{}\u00bb][et_pb_de_mach_filter_posts filter_update_type=\u00bbupdate_field\u00bb filter_location=\u00bbfullwidth\u00bb fullwidth_columns=\u00bb3&#8243; column_gap=\u00bb40px\u00bb _builder_version=\u00bb4.27.4&#8243; form_field_background_color=\u00bb#ffffff\u00bb form_field_text_color=\u00bb#e41b7a\u00bb form_field_focus_background_color=\u00bb#ffffff\u00bb form_field_focus_text_color=\u00bb#e41b7a\u00bb title_text_color=\u00bb#e41b7a\u00bb title_font_size=\u00bb18px\u00bb form_field_font_size=\u00bb18px\u00bb custom_padding=\u00bb||||false|false\u00bb hover_enabled=\u00bb0&#8243; border_color_all=\u00bb#a1a1a1&#8243; global_colors_info=\u00bb{}\u00bb sticky_enabled=\u00bb0&#8243;][et_pb_de_mach_search_posts_item title=\u00bbIdioma\u00bb filter_post_type=\u00bbacf\u00bb post_type_choose=\u00bbdoctors\u00bb acf_name=\u00bbfield_5f08f4e435162&#8243; show_label=\u00bboff\u00bb radio_show_empty=\u00bbon\u00bb hide_module_for_empty=\u00bboff\u00bb field_id=\u00bbField_7&#8243; select_placeholder=\u00bbIdioma\u00bb _builder_version=\u00bb4.27.4&#8243; _module_preset=\u00bbdefault\u00bb title_text_color=\u00bb#e41b7a\u00bb title_font_size=\u00bb18px\u00bb hover_enabled=\u00bb0&#8243; global_colors_info=\u00bb{}\u00bb sticky_enabled=\u00bb0&#8243;][\/et_pb_de_mach_search_posts_item][et_pb_de_mach_search_posts_item title=\u00bbCiudad\/Pueblo\u00bb filter_post_type=\u00bbacf\u00bb post_type_choose=\u00bbprovider\u00bb acf_name=\u00bbfield_68a8b666c56e6&#8243; show_label=\u00bboff\u00bb radio_show_empty=\u00bbon\u00bb hide_module_for_empty=\u00bboff\u00bb field_id=\u00bbField_7_2&#8243; select_placeholder=\u00bbCiudad\/Pueblo\u00bb _builder_version=\u00bb4.27.4&#8243; _module_preset=\u00bbdefault\u00bb title_text_color=\u00bb#e41b7a\u00bb title_font_size=\u00bb18px\u00bb hover_enabled=\u00bb0&#8243; global_colors_info=\u00bb{}\u00bb sticky_enabled=\u00bb0&#8243;][\/et_pb_de_mach_search_posts_item][et_pb_de_mach_search_posts_item title=\u00bbB\u00fasqueda\u00bb filter_post_type=\u00bbsearch\u00bb text_typing_timeout=\u00bb3000&#8243; post_type_choose=\u00bbprovider\u00bb show_label=\u00bboff\u00bb field_id=\u00bbField_5&#8243; text_placeholder=\u00bbB\u00fasqueda&#8230;\u00bb select_placeholder=\u00bbB\u00fasqueda\u00bb _builder_version=\u00bb4.27.4&#8243; title_text_color=\u00bb#e41b7a\u00bb title_font_size=\u00bb18px\u00bb custom_padding=\u00bb|||0px|false|false\u00bb hover_enabled=\u00bb0&#8243; global_colors_info=\u00bb{}\u00bb sticky_enabled=\u00bb0&#8243;][\/et_pb_de_mach_search_posts_item][\/et_pb_de_mach_filter_posts][\/et_pb_column][\/et_pb_row][\/et_pb_section][et_pb_section fb_built=\u00bb1&#8243; admin_label=\u00bbDoctor Search Results\u00bb _builder_version=\u00bb4.20.4&#8243; custom_padding=\u00bb0px||0px||false|false\u00bb locked=\u00bboff\u00bb collapsed=\u00bboff\u00bb global_colors_info=\u00bb{}\u00bb][et_pb_row admin_label=\u00bbResultados de la b\u00fasqueda de m\u00e9dicos\u00bb _builder_version=\u00bb4.16&#8243; custom_margin=\u00bb||0px||false|false\u00bb custom_padding=\u00bb0px||80px||false|false\u00bb global_colors_info=\u00bb{}\u00bb][et_pb_column type=\u00bb4_4&#8243; _builder_version=\u00bb4.16&#8243; global_colors_info=\u00bb{}\u00bb][et_pb_de_mach_archive_loop post_type_choose=\u00bbprovider\u00bb loop_layout=\u00bb811&#8243; filter_update_animation=\u00bbload-3&#8243; animation_color=\u00bb#e41b7a\u00bb posts_number=\u00bb9&#8243; sort_order=\u00bbtitle\u00bb enable_loadmore=\u00bbon\u00bb loadmore_text=\u00bbLoad more results&#8230;\u00bb equal_height=\u00bbon\u00bb align_last_bottom=\u00bbon\u00bb columns=\u00bb3&#8243; _builder_version=\u00bb4.27.4&#8243; title_text_color=\u00bb#FFFFFF\u00bb loop_template_meta_text_color=\u00bb#FFFFFF\u00bb loop_template_meta_a_text_color=\u00bb#FFFFFF\u00bb loop_template_a_text_color=\u00bb#FFFFFF\u00bb custom_button=\u00bbon\u00bb button_text_size=\u00bb18px\u00bb button_text_color=\u00bb#ffffff\u00bb button_bg_color=\u00bb#e41b7a\u00bb button_border_width=\u00bb0px\u00bb button_border_radius=\u00bb10px\u00bb button_use_icon=\u00bboff\u00bb button_custom_margin=\u00bb30px||||false|false\u00bb button_custom_padding=\u00bb10px|30px|10px|30px|false|false\u00bb box_shadow_style_button=\u00bbpreset2&#8243; box_shadow_horizontal_button=\u00bb3px\u00bb box_shadow_vertical_button=\u00bb3px\u00bb box_shadow_blur_button=\u00bb5px\u00bb global_colors_info=\u00bb{}\u00bb button_bg_color__hover_enabled=\u00bbon|hover\u00bb button_bg_color__hover=\u00bb#1b989a\u00bb button_bg_enable_color__hover=\u00bbon\u00bb][\/et_pb_de_mach_archive_loop][\/et_pb_column][\/et_pb_row][\/et_pb_section]<\/p>\n<span class=\"et_bloom_bottom_trigger\"><\/span>","protected":false},"excerpt":{"rendered":"<p>Proveedor de atenci\u00f3n m\u00e9dica San Diego &amp; Riverside<span><span><a href=\"https:\/\/truecare.org\/es\/\">Inicio<\/a><\/span><\/span>Ponemos la salud en el cuidado de la salud.Nuestro dedicado equipo de profesionales de la salud es un apasionado de nuestra comunidad y [&hellip;]<\/p>\n","protected":false},"author":7,"featured_media":0,"parent":0,"menu_order":0,"comment_status":"closed","ping_status":"closed","template":"","meta":{"_acf_changed":false,"_et_pb_use_builder":"on","_et_pb_old_content":"","_et_gb_content_width":"","inline_featured_image":false,"footnotes":""},"class_list":["post-9366","page","type-page","status-publish","hentry"],"acf":[],"yoast_head":"<!-- This site is optimized with the Yoast SEO plugin v27.3 - https:\/\/yoast.com\/product\/yoast-seo-wordpress\/ -->\n<title>Proveedores de atenci\u00f3n m\u00e9dica del sur de California - Encontrar un m\u00e9dico cerca de m\u00ed - TrueCare<\/title>\n<meta name=\"description\" content=\"TrueCare of San Diego ofrece una amplia gama de servicios de atenci\u00f3n m\u00e9dica con los principales proveedores de atenci\u00f3n m\u00e9dica. Haga clic para encontrar un m\u00e9dico en su \u00e1rea ahora!\" \/>\n<meta name=\"robots\" content=\"index, follow, max-snippet:-1, max-image-preview:large, max-video-preview:-1\" \/>\n<link rel=\"canonical\" href=\"https:\/\/truecare.org\/es\/proveedores\/\" \/>\n<meta property=\"og:locale\" content=\"es_ES\" \/>\n<meta property=\"og:type\" content=\"article\" \/>\n<meta property=\"og:title\" content=\"Proveedores de atenci\u00f3n m\u00e9dica del sur de California - Encontrar un m\u00e9dico cerca de m\u00ed - TrueCare\" \/>\n<meta property=\"og:description\" content=\"TrueCare of San Diego ofrece una amplia gama de servicios de atenci\u00f3n m\u00e9dica con los principales proveedores de atenci\u00f3n m\u00e9dica. Haga clic para encontrar un m\u00e9dico en su \u00e1rea ahora!\" \/>\n<meta property=\"og:site_name\" content=\"TrueCare\" \/>\n<meta property=\"article:publisher\" content=\"https:\/\/www.facebook.com\/healthtruecare\" \/>\n<meta property=\"article:modified_time\" content=\"2025-08-25T21:24:43+00:00\" \/>\n<meta name=\"twitter:card\" content=\"summary_large_image\" \/>\n<meta name=\"twitter:site\" content=\"@healthtruecare\" \/>\n<meta name=\"twitter:label1\" content=\"Tiempo de lectura\" \/>\n\t<meta name=\"twitter:data1\" content=\"3 minutos\" \/>\n<script type=\"application\/ld+json\" class=\"yoast-schema-graph\">{\"@context\":\"https:\\\/\\\/schema.org\",\"@graph\":[{\"@type\":\"WebPage\",\"@id\":\"https:\\\/\\\/truecare.org\\\/es\\\/proveedores\\\/\",\"url\":\"https:\\\/\\\/truecare.org\\\/es\\\/proveedores\\\/\",\"name\":\"Proveedores de atenci\u00f3n m\u00e9dica del sur de California - Encontrar un m\u00e9dico cerca de m\u00ed - TrueCare\",\"isPartOf\":{\"@id\":\"https:\\\/\\\/truecare.org\\\/es\\\/#website\"},\"datePublished\":\"2020-09-18T01:38:44+00:00\",\"dateModified\":\"2025-08-25T21:24:43+00:00\",\"description\":\"TrueCare of San Diego ofrece una amplia gama de servicios de atenci\u00f3n m\u00e9dica con los principales proveedores de atenci\u00f3n m\u00e9dica. Haga clic para encontrar un m\u00e9dico en su \u00e1rea ahora!\",\"breadcrumb\":{\"@id\":\"https:\\\/\\\/truecare.org\\\/es\\\/proveedores\\\/#breadcrumb\"},\"inLanguage\":\"es\",\"potentialAction\":[{\"@type\":\"ReadAction\",\"target\":[\"https:\\\/\\\/truecare.org\\\/es\\\/proveedores\\\/\"]}]},{\"@type\":\"BreadcrumbList\",\"@id\":\"https:\\\/\\\/truecare.org\\\/es\\\/proveedores\\\/#breadcrumb\",\"itemListElement\":[{\"@type\":\"ListItem\",\"position\":1,\"name\":\"Inicio\",\"item\":\"https:\\\/\\\/truecare.org\\\/es\\\/\"},{\"@type\":\"ListItem\",\"position\":2,\"name\":\"Proveedores\"}]},{\"@type\":\"WebSite\",\"@id\":\"https:\\\/\\\/truecare.org\\\/es\\\/#website\",\"url\":\"https:\\\/\\\/truecare.org\\\/es\\\/\",\"name\":\"TrueCare\",\"description\":\"Health inside. Welcome in.\",\"publisher\":{\"@id\":\"https:\\\/\\\/truecare.org\\\/es\\\/#organization\"},\"potentialAction\":[{\"@type\":\"SearchAction\",\"target\":{\"@type\":\"EntryPoint\",\"urlTemplate\":\"https:\\\/\\\/truecare.org\\\/es\\\/?s={search_term_string}\"},\"query-input\":{\"@type\":\"PropertyValueSpecification\",\"valueRequired\":true,\"valueName\":\"search_term_string\"}}],\"inLanguage\":\"es\"},{\"@type\":\"Organization\",\"@id\":\"https:\\\/\\\/truecare.org\\\/es\\\/#organization\",\"name\":\"TrueCare\",\"url\":\"https:\\\/\\\/truecare.org\\\/es\\\/\",\"logo\":{\"@type\":\"ImageObject\",\"inLanguage\":\"es\",\"@id\":\"https:\\\/\\\/truecare.org\\\/es\\\/#\\\/schema\\\/logo\\\/image\\\/\",\"url\":\"https:\\\/\\\/truecare.org\\\/wp-content\\\/uploads\\\/truecare-logo-header-205x45-1.svg\",\"contentUrl\":\"https:\\\/\\\/truecare.org\\\/wp-content\\\/uploads\\\/truecare-logo-header-205x45-1.svg\",\"width\":\"1024\",\"height\":\"1024\",\"caption\":\"TrueCare\"},\"image\":{\"@id\":\"https:\\\/\\\/truecare.org\\\/es\\\/#\\\/schema\\\/logo\\\/image\\\/\"},\"sameAs\":[\"https:\\\/\\\/www.facebook.com\\\/healthtruecare\",\"https:\\\/\\\/x.com\\\/healthtruecare\",\"https:\\\/\\\/www.instagram.com\\\/truecare.health\\\/\",\"https:\\\/\\\/www.linkedin.com\\\/company\\\/health-truecare\\\/\",\"https:\\\/\\\/www.youtube.com\\\/channel\\\/UClN83htaiuzCzfzdikXPCTw\",\"https:\\\/\\\/www.pinterest.com\\\/healthtruecare\"]}]}<\/script>\n<!-- \/ Yoast SEO plugin. -->","yoast_head_json":{"title":"Proveedores de atenci\u00f3n m\u00e9dica del sur de California - Encontrar un m\u00e9dico cerca de m\u00ed - TrueCare","description":"TrueCare of San Diego ofrece una amplia gama de servicios de atenci\u00f3n m\u00e9dica con los principales proveedores de atenci\u00f3n m\u00e9dica. Haga clic para encontrar un m\u00e9dico en su \u00e1rea ahora!","robots":{"index":"index","follow":"follow","max-snippet":"max-snippet:-1","max-image-preview":"max-image-preview:large","max-video-preview":"max-video-preview:-1"},"canonical":"https:\/\/truecare.org\/es\/proveedores\/","og_locale":"es_ES","og_type":"article","og_title":"Proveedores de atenci\u00f3n m\u00e9dica del sur de California - Encontrar un m\u00e9dico cerca de m\u00ed - TrueCare","og_description":"TrueCare of San Diego ofrece una amplia gama de servicios de atenci\u00f3n m\u00e9dica con los principales proveedores de atenci\u00f3n m\u00e9dica. Haga clic para encontrar un m\u00e9dico en su \u00e1rea ahora!","og_site_name":"TrueCare","article_publisher":"https:\/\/www.facebook.com\/healthtruecare","article_modified_time":"2025-08-25T21:24:43+00:00","twitter_card":"summary_large_image","twitter_site":"@healthtruecare","twitter_misc":{"Tiempo de lectura":"3 minutos"},"schema":{"@context":"https:\/\/schema.org","@graph":[{"@type":"WebPage","@id":"https:\/\/truecare.org\/es\/proveedores\/","url":"https:\/\/truecare.org\/es\/proveedores\/","name":"Proveedores de atenci\u00f3n m\u00e9dica del sur de California - Encontrar un m\u00e9dico cerca de m\u00ed - TrueCare","isPartOf":{"@id":"https:\/\/truecare.org\/es\/#website"},"datePublished":"2020-09-18T01:38:44+00:00","dateModified":"2025-08-25T21:24:43+00:00","description":"TrueCare of San Diego ofrece una amplia gama de servicios de atenci\u00f3n m\u00e9dica con los principales proveedores de atenci\u00f3n m\u00e9dica. Haga clic para encontrar un m\u00e9dico en su \u00e1rea ahora!","breadcrumb":{"@id":"https:\/\/truecare.org\/es\/proveedores\/#breadcrumb"},"inLanguage":"es","potentialAction":[{"@type":"ReadAction","target":["https:\/\/truecare.org\/es\/proveedores\/"]}]},{"@type":"BreadcrumbList","@id":"https:\/\/truecare.org\/es\/proveedores\/#breadcrumb","itemListElement":[{"@type":"ListItem","position":1,"name":"Inicio","item":"https:\/\/truecare.org\/es\/"},{"@type":"ListItem","position":2,"name":"Proveedores"}]},{"@type":"WebSite","@id":"https:\/\/truecare.org\/es\/#website","url":"https:\/\/truecare.org\/es\/","name":"TrueCare","description":"Health inside. Welcome in.","publisher":{"@id":"https:\/\/truecare.org\/es\/#organization"},"potentialAction":[{"@type":"SearchAction","target":{"@type":"EntryPoint","urlTemplate":"https:\/\/truecare.org\/es\/?s={search_term_string}"},"query-input":{"@type":"PropertyValueSpecification","valueRequired":true,"valueName":"search_term_string"}}],"inLanguage":"es"},{"@type":"Organization","@id":"https:\/\/truecare.org\/es\/#organization","name":"TrueCare","url":"https:\/\/truecare.org\/es\/","logo":{"@type":"ImageObject","inLanguage":"es","@id":"https:\/\/truecare.org\/es\/#\/schema\/logo\/image\/","url":"https:\/\/truecare.org\/wp-content\/uploads\/truecare-logo-header-205x45-1.svg","contentUrl":"https:\/\/truecare.org\/wp-content\/uploads\/truecare-logo-header-205x45-1.svg","width":"1024","height":"1024","caption":"TrueCare"},"image":{"@id":"https:\/\/truecare.org\/es\/#\/schema\/logo\/image\/"},"sameAs":["https:\/\/www.facebook.com\/healthtruecare","https:\/\/x.com\/healthtruecare","https:\/\/www.instagram.com\/truecare.health\/","https:\/\/www.linkedin.com\/company\/health-truecare\/","https:\/\/www.youtube.com\/channel\/UClN83htaiuzCzfzdikXPCTw","https:\/\/www.pinterest.com\/healthtruecare"]}]}},"_links":{"self":[{"href":"https:\/\/truecare.org\/es\/wp-json\/wp\/v2\/pages\/9366","targetHints":{"allow":["GET"]}}],"collection":[{"href":"https:\/\/truecare.org\/es\/wp-json\/wp\/v2\/pages"}],"about":[{"href":"https:\/\/truecare.org\/es\/wp-json\/wp\/v2\/types\/page"}],"author":[{"embeddable":true,"href":"https:\/\/truecare.org\/es\/wp-json\/wp\/v2\/users\/7"}],"replies":[{"embeddable":true,"href":"https:\/\/truecare.org\/es\/wp-json\/wp\/v2\/comments?post=9366"}],"version-history":[{"count":9,"href":"https:\/\/truecare.org\/es\/wp-json\/wp\/v2\/pages\/9366\/revisions"}],"predecessor-version":[{"id":46656,"href":"https:\/\/truecare.org\/es\/wp-json\/wp\/v2\/pages\/9366\/revisions\/46656"}],"wp:attachment":[{"href":"https:\/\/truecare.org\/es\/wp-json\/wp\/v2\/media?parent=9366"}],"curies":[{"name":"wp","href":"https:\/\/api.w.org\/{rel}","templated":true}]}}