{"id":8685,"date":"2020-09-16T15:01:06","date_gmt":"2020-09-16T22:01:06","guid":{"rendered":"https:\/\/truecare.org\/en-obra\/"},"modified":"2021-03-04T14:39:37","modified_gmt":"2021-03-04T22:39:37","slug":"en-obra","status":"publish","type":"page","link":"https:\/\/truecare.org\/es\/en-obra\/","title":{"rendered":"En obra"},"content":{"rendered":"<p>[et_pb_section fb_built=\u00bb1&#8243; admin_label=\u00bb<\/p>\n<h1>Coming Soon Page<\/h1>\n<p> &#8211; Section\u00bb _builder_version=\u00bb4.4.9&#8243; custom_padding=\u00bb0px||0px||false|false\u00bb collapsed=\u00bbon\u00bb][et_pb_row admin_label=\u00bb<\/p>\n<h1>Pr\u00f3ximamente P\u00e1gina<\/h1>\n<p> &#8211; Fila\u00bb _builder_version=\u00bb4.4.9&#8243; custom_padding=\u00bb0px||0px||false|false\u00bb collapsed=\u00bbon\u00bb][et_pb_column type=\u00bb4_4&#8243; _builder_version=\u00bb4.4.9&#8243;][et_pb_text admin_label=\u00bb<\/p>\n<h1>Coming Soon Page<\/h1>\n<p>\u00bb module_class=\u00bbforma-font\u00bb _builder_version=\u00bb4.6.0&#8243; header_text_color=\u00bb#e41b7a\u00bb header_line_height=\u00bb1.4em\u00bb custom_padding=\u00bb||10px||false|false\u00bb header_font_size_tablet=\u00bb40px\u00bb header_font_size_phone=\u00bb30px\u00bb header_font_size_last_edited=\u00bbon|phone\u00bb]<\/p>\n<h1>Comprobar pronto<\/h1>\n<p>[\/et_pb_text][\/et_pb_column][\/et_pb_row][\/et_pb_section][et_pb_section fb_built=\u00bb1&#8243; admin_label=\u00bb<\/p>\n<h2>This page is currently under construction<\/h2>\n<p> &#8211; Section\u00bb _builder_version=\u00bb4.4.9&#8243; custom_padding=\u00bb0px||0px||false|false\u00bb collapsed=\u00bbon\u00bb][et_pb_row custom_padding_last_edited=\u00bbon|phone\u00bb admin_label=\u00bb<\/p>\n<h2>Esta p\u00e1gina est\u00e1 actualmente en construcci\u00f3n<\/h2>\n<p> &#8211; Fila\u00bb _builder_version=\u00bb4.6.0&#8243; width_last_edited=\u00bboff|desktop\u00bb custom_margin_last_edited=\u00bboff|desktop\u00bb custom_padding=\u00bb0px||290px||false|false\u00bb custom_padding_tablet=\u00bb||80px||false|false\u00bb custom_padding_phone=\u00bb||60px||false|false\u00bb locked=\u00bboff\u00bb][et_pb_column type=\u00bb4_4&#8243; _builder_version=\u00bb4.4.9&#8243;][et_pb_text admin_label=\u00bb<\/p>\n<h2>This page is currently under construction<\/h2>\n<p>\u00bb module_class=\u00bbforma-font\u00bb _builder_version=\u00bb4.6.0&#8243; header_text_color=\u00bb#e41b7a\u00bb header_line_height=\u00bb1.4em\u00bb header_2_text_color=\u00bb#f98909&#8243; header_2_font_size=\u00bb35px\u00bb header_2_line_height=\u00bb1.2em\u00bb custom_margin=\u00bb||20px||false|false\u00bb custom_padding=\u00bb||||false|false\u00bb header_font_size_tablet=\u00bb40px\u00bb header_font_size_phone=\u00bb30px\u00bb header_font_size_last_edited=\u00bbon|phone\u00bb header_2_font_size_tablet=\u00bb\u00bb header_2_font_size_phone=\u00bb26px\u00bb header_2_font_size_last_edited=\u00bbon|phone\u00bb locked=\u00bboff\u00bb]<\/p>\n<h2>Esta p\u00e1gina est\u00e1 actualmente en construcci\u00f3n<\/h2>\n<p>[\/et_pb_text][et_pb_text admin_label=\u00bb<\/p>\n<p>Check back soon!<\/p>\n<p>\u00bb _builder_version=\u00bb4.6.0&#8243; text_line_height=\u00bb1.6em\u00bb header_text_color=\u00bb#e41b7a\u00bb custom_margin=\u00bb||20px||false|false\u00bb]<\/p>\n<p>\u00a1Estamos creando algo genial!<\/p>\n<p>[\/et_pb_text][\/et_pb_column][\/et_pb_row][\/et_pb_section][et_pb_section fb_built=\u00bb1&#8243; admin_label=\u00bbDoctor Testimonial &#8211; Section\u00bb _builder_version=\u00bb4.5.1&#8243; _module_preset=\u00bbdefault\u00bb background_enable_color=\u00bboff\u00bb use_background_color_gradient=\u00bbon\u00bb background_color_gradient_start=\u00bb#1b989a\u00bb background_color_gradient_end=\u00bb#ffffff\u00bb background_color_gradient_direction=\u00bb90deg\u00bb background_color_gradient_start_position=\u00bb50%\u00bb background_color_gradient_end_position=\u00bb50%\u00bb custom_padding=\u00bb0px||0px||false|false\u00bb background_last_edited=\u00bbon|phone\u00bb background_enable_color_tablet=\u00bboff\u00bb use_background_color_gradient_tablet=\u00bboff\u00bb locked=\u00bboff\u00bb collapsed=\u00bbon\u00bb null_tablet=\u00bb#e41b7a\u00bb][et_pb_row column_structure=\u00bb1_2,1_2&#8243; use_custom_gutter=\u00bbon\u00bb gutter_width=\u00bb1&#8243; make_equal=\u00bbon\u00bb admin_label=\u00bbTestimonio m\u00e9dico &#8211; Fila\u00bb module_class=\u00bbsmall-btn\u00bb _builder_version=\u00bb4.5.1&#8243; _module_preset=\u00bbdefault\u00bb background_color=\u00bb#1b989a\u00bb width_tablet=\u00bb\u00bb width_phone=\u00bb100%\u00bb width_last_edited=\u00bbon|phone\u00bb custom_padding=\u00bb0px||0px||false|false\u00bb background_last_edited=\u00bbon|tablet\u00bb background_enable_color_tablet=\u00bboff\u00bb background_enable_color_phone=\u00bboff\u00bb border_color_bottom=\u00bb#f98909&#8243;][et_pb_column type=\u00bb1_2&#8243; _builder_version=\u00bb4.5.1&#8243; _module_preset=\u00bbdefault\u00bb][et_pb_image src=\u00bbhttps:\/\/truecare.org\/wp-content\/uploads\/2020\/07\/TrueCare-Dr-Chiroprator-Testimonial.png\u00bb title_text=\u00bbTrueCare-Dr-Chiroprator-Testimonial\u00bb align_tablet=\u00bbcenter\u00bb align_phone=\u00bb\u00bb align_last_edited=\u00bbon|desktop\u00bb disabled_on=\u00bbon|on|on\u00bb admin_label=\u00bbDoctor Image\u00bb _builder_version=\u00bb4.6.0&#8243; positioning=\u00bbabsolute\u00bb position_origin_a=\u00bbbottom_left\u00bb position_origin_f=\u00bbcenter_left\u00bb horizontal_offset=\u00bb-20px\u00bb z_index=\u00bb0&#8243; vertical_offset_tablet=\u00bb20px\u00bb vertical_offset_phone=\u00bb\u00bb vertical_offset_last_edited=\u00bbon|tablet\u00bb horizontal_offset_tablet=\u00bb0px\u00bb horizontal_offset_phone=\u00bb\u00bb horizontal_offset_last_edited=\u00bbon|tablet\u00bb position_origin_a_tablet=\u00bbbottom_left\u00bb position_origin_a_phone=\u00bb\u00bb position_origin_a_last_edited=\u00bbon|tablet\u00bb position_origin_f_tablet=\u00bb\u00bb position_origin_f_phone=\u00bb\u00bb position_origin_f_last_edited=\u00bbon|tablet\u00bb position_origin_r_tablet=\u00bbbottom_left\u00bb position_origin_r_phone=\u00bb\u00bb position_origin_r_last_edited=\u00bbon|tablet\u00bb width=\u00bb100%\u00bb width_tablet=\u00bb70%\u00bb width_phone=\u00bb80%\u00bb width_last_edited=\u00bbon|phone\u00bb positioning_tablet=\u00bbnone\u00bb positioning_phone=\u00bb\u00bb positioning_last_edited=\u00bbon|tablet\u00bb disabled=\u00bbon\u00bb locked=\u00bboff\u00bb][\/et_pb_image][\/et_pb_column][et_pb_column type=\u00bb1_2&#8243; _builder_version=\u00bb4.5.1&#8243; _module_preset=\u00bbdefault\u00bb background_color_gradient_direction=\u00bb90deg\u00bb custom_padding=\u00bb80px|40px|80px|30px|false|false\u00bb custom_padding_tablet=\u00bb60px|30px|60px|30px|false|false\u00bb custom_padding_phone=\u00bb40px||40px||false|false\u00bb custom_padding_last_edited=\u00bbon|desktop\u00bb background_color_tablet=\u00bb#1b989a\u00bb background_last_edited=\u00bbon|tablet\u00bb background_enable_color_tablet=\u00bbon\u00bb border_color_bottom=\u00bb#f98909&#8243;][et_pb_text admin_label=\u00bbExtraordinary care with a heart.\u00bb module_class=\u00bbforma\u00bb _builder_version=\u00bb4.6.0&#8243; text_text_color=\u00bb#ffffff\u00bb text_font_size=\u00bb45px\u00bb text_line_height=\u00bb1.2em\u00bb header_2_text_color=\u00bb#ffffff\u00bb header_2_font_size=\u00bb35px\u00bb background_color=\u00bbrgba(0,0,0,0)\u00bb custom_margin=\u00bb|0px|2%||false|false\u00bb custom_padding=\u00bb||||false|false\u00bb text_font_size_tablet=\u00bb35px\u00bb text_font_size_phone=\u00bb30px\u00bb text_font_size_last_edited=\u00bbon|phone\u00bb locked=\u00bboff\u00bb]Cuidado extraordinario con coraz\u00f3n.[\/et_pb_text][et_pb_text disabled_on=\u00bbon|on|on\u00bb admin_label=\u00bbDoctor name here\u00bb module_class=\u00bbforma\u00bb _builder_version=\u00bb4.6.0&#8243; text_text_color=\u00bb#ffffff\u00bb text_font_size=\u00bb25px\u00bb text_line_height=\u00bb1.4em\u00bb header_2_text_color=\u00bb#ffffff\u00bb header_2_font_size=\u00bb35px\u00bb background_color=\u00bbrgba(0,0,0,0)\u00bb custom_margin=\u00bb||3%||false|false\u00bb custom_padding=\u00bb||||false|false\u00bb disabled=\u00bbon\u00bb locked=\u00bboff\u00bb]Kyle Brooks, DC<br \/>\nQuiropr\u00e1ctico[\/et_pb_text][et_pb_text disabled_on=\u00bbon|on|on\u00bb admin_label=\u00bbDoctor testimonial here\u00bb _builder_version=\u00bb4.6.0&#8243; text_text_color=\u00bb#ffffff\u00bb text_line_height=\u00bb1.6em\u00bb header_2_text_color=\u00bb#ffffff\u00bb header_2_font_size=\u00bb35px\u00bb background_color=\u00bbrgba(0,0,0,0)\u00bb custom_margin=\u00bb||5%||false|false\u00bb custom_margin_tablet=\u00bb||8%||false|false\u00bb custom_margin_phone=\u00bb\u00bb custom_margin_last_edited=\u00bbon|tablet\u00bb custom_padding=\u00bb||||false|false\u00bb disabled=\u00bbon\u00bb locked=\u00bboff\u00bb]\u00bbLorem ipsum dolor sit amet, consectetur sed adipisicing elit, sed do eiusmod tempor amet incididunt ut labore et dolore magna aliqua.\u00bb[\/et_pb_text][et_pb_button button_url=\u00bbhttps:\/\/truecare.org\/es\/proveedores\/\u00bb button_text=\u00bbEncontrar un proveedor\u00bb _builder_version=\u00bb4.6.0&#8243; _module_preset=\u00bbfbac2395-fdb8-4263-9e30-55ca536c9daf\u00bb locked=\u00bboff\u00bb][\/et_pb_button][\/et_pb_column][\/et_pb_row][\/et_pb_section][et_pb_section fb_built=\u00bb1&#8243; admin_label=\u00bbPink Bottom Bar &#8211; Section\u00bb _builder_version=\u00bb4.5.1&#8243; use_background_color_gradient=\u00bbon\u00bb background_color_gradient_start=\u00bb#e41b7a\u00bb background_color_gradient_end=\u00bb#ffffff\u00bb background_color_gradient_direction=\u00bb90deg\u00bb background_color_gradient_start_position=\u00bb50%\u00bb background_color_gradient_end_position=\u00bb50%\u00bb custom_padding=\u00bb0px||0px||false|false\u00bb background_last_edited=\u00bbon|tablet\u00bb background_enable_color_tablet=\u00bboff\u00bb use_background_color_gradient_tablet=\u00bboff\u00bb saved_tabs=\u00bball\u00bb locked=\u00bboff\u00bb collapsed=\u00bbon\u00bb][et_pb_row use_custom_gutter=\u00bbon\u00bb gutter_width=\u00bb1&#8243; admin_label=\u00bbBarra inferior rosa &#8211; Fila\u00bb _builder_version=\u00bb4.5.1&#8243; background_color=\u00bb#e41b7a\u00bb width_tablet=\u00bb\u00bb width_phone=\u00bb100%\u00bb width_last_edited=\u00bbon|phone\u00bb min_height=\u00bb8px\u00bb custom_padding=\u00bb0px||0px||false|false\u00bb][et_pb_column type=\u00bb4_4&#8243; _builder_version=\u00bb4.5.1&#8243; custom_padding=\u00bb0px||0px||false|false\u00bb border_color_top=\u00bb#f98909&#8243;][\/et_pb_column][\/et_pb_row][\/et_pb_section][et_pb_section fb_built=\u00bb1&#8243; admin_label=\u00bb4 Quicknav Callouts \u00bb _builder_version=\u00bb4.5.1&#8243; custom_padding=\u00bb0px||0px||false|false\u00bb global_module=\u00bb1566&#8243; saved_tabs=\u00bball\u00bb locked=\u00bboff\u00bb collapsed=\u00bbon\u00bb][et_pb_row column_structure=\u00bb1_4,1_4,1_4,1_4&#8243; make_equal=\u00bbon\u00bb custom_padding_last_edited=\u00bbon|phone\u00bb admin_label=\u00bb4 Quicknav Callouts \u00bb module_class=\u00bbfour-callout-btm\u00bb _builder_version=\u00bb4.5.1&#8243; custom_margin=\u00bb||||false|false\u00bb custom_margin_tablet=\u00bb||||false|false\u00bb custom_margin_phone=\u00bb||||false|false\u00bb custom_margin_last_edited=\u00bboff|desktop\u00bb custom_padding=\u00bb100px||50px||false|false\u00bb custom_padding_tablet=\u00bb8%||10%||false|false\u00bb custom_padding_phone=\u00bb60px||80px||false|false\u00bb border_color_top=\u00bb#c6c6c6&#8243; border_color_bottom=\u00bb#c6c6c6&#8243; collapsed=\u00bboff\u00bb][et_pb_column type=\u00bb1_4&#8243; _builder_version=\u00bb4.4.9&#8243; custom_padding_tablet=\u00bb||3%||false|false\u00bb custom_padding_phone=\u00bb\u00bb custom_padding_last_edited=\u00bbon|tablet\u00bb][et_pb_text _builder_version=\u00bb4.6.0&#8243; _module_preset=\u00bb07fa7324-5595-410f-a077-a7384a81ec89&#8243; link_option_url=\u00bbhttps:\/\/nchs.portalforpatients.com\/portal\/default.aspx\u00bb link_option_url_new_window=\u00bbon\u00bb]<i class=\"fal fa-heart\"><\/i>[\/et_pb_text][et_pb_text module_id=\u00bborange-chevron\u00bb module_class=\u00bbforma link-pink\u00bb _builder_version=\u00bb4.6.0&#8243; text_font=\u00bb||||||||\u00bb text_font_size=\u00bb21px\u00bb text_orientation=\u00bbcenter\u00bb]<\/p>\n<p><a href=\"https:\/\/truecare.org\/es\/pacientes\/el-portal-para-pacientes-de-mychart-truecare-proximamente\/\"  rel=\"noopener noreferrer\"> Inicio de sesi\u00f3n de MyHealth <i class=\"fas fa-chevron-right\"><\/i><\/a><\/p>\n<p>[\/et_pb_text][\/et_pb_column][et_pb_column type=\u00bb1_4&#8243; _builder_version=\u00bb4.4.9&#8243; custom_padding_tablet=\u00bb||3%||false|false\u00bb custom_padding_phone=\u00bb\u00bb custom_padding_last_edited=\u00bbon|tablet\u00bb][et_pb_text _builder_version=\u00bb4.6.0&#8243; text_text_color=\u00bb#5eb4b1&#8243; text_font_size=\u00bb75px\u00bb text_orientation=\u00bbcenter\u00bb custom_margin=\u00bb||30px||false|false\u00bb animation_style=\u00bbslide\u00bb animation_direction=\u00bbtop\u00bb animation_duration=\u00bb350ms\u00bb animation_delay=\u00bb450ms\u00bb animation_intensity_slide=\u00bb25%\u00bb link_option_url=\u00bbhttps:\/\/truecare.org\/es\/pacientes\/nuevos-pacientes\/ \u00ab]<i class=\"fal fa-user-plus\"><\/i>[\/et_pb_text][et_pb_text module_id=\u00bborange-chevron\u00bb module_class=\u00bbforma link-pink\u00bb _builder_version=\u00bb4.6.0&#8243; text_font_size=\u00bb21px\u00bb text_orientation=\u00bbcenter\u00bb]<\/p>\n<p><a href=\"https:\/\/truecare.org\/es\/pacientes\/nuevos-pacientes\/\">Nuevos pacientes <i class=\"fas fa-chevron-right\"><\/i><\/a><\/p>\n<p>[\/et_pb_text][\/et_pb_column][et_pb_column type=\u00bb1_4&#8243; _builder_version=\u00bb4.4.9&#8243;][et_pb_text _builder_version=\u00bb4.6.0&#8243; text_text_color=\u00bb#5eb4b1&#8243; text_font_size=\u00bb75px\u00bb text_orientation=\u00bbcenter\u00bb custom_margin=\u00bb||30px||false|false\u00bb animation_style=\u00bbslide\u00bb animation_direction=\u00bbtop\u00bb animation_duration=\u00bb350ms\u00bb animation_delay=\u00bb650ms\u00bb animation_intensity_slide=\u00bb25%\u00bb link_option_url=\u00bbhttps:\/\/truecare.org\/es\/programas-recursos\/asistencia-de-seguro-de-salud\/\u00bb locked=\u00bboff\u00bb]<i class=\"fal fa-file-search\"><\/i>[\/et_pb_text][et_pb_text module_id=\u00bborange-chevron\u00bb module_class=\u00bbforma link-pink\u00bb _builder_version=\u00bb4.6.0&#8243; text_font_size=\u00bb21px\u00bb text_orientation=\u00bbcenter\u00bb locked=\u00bboff\u00bb]<\/p>\n<p><a href=\"https:\/\/truecare.org\/es\/programas-recursos\/asistencia-de-seguro-de-salud\/\">Asistencia de Seguro de Salud <i class=\"fas fa-chevron-right\"><\/i><\/a><\/p>\n<p>[\/et_pb_text][\/et_pb_column][et_pb_column type=\u00bb1_4&#8243; _builder_version=\u00bb4.4.9&#8243;][et_pb_text _builder_version=\u00bb4.6.0&#8243; text_text_color=\u00bb#5eb4b1&#8243; text_font_size=\u00bb75px\u00bb text_orientation=\u00bbcenter\u00bb custom_margin=\u00bb||30px||false|false\u00bb animation_style=\u00bbslide\u00bb animation_direction=\u00bbtop\u00bb animation_duration=\u00bb350ms\u00bb animation_delay=\u00bb750ms\u00bb animation_intensity_slide=\u00bb25%\u00bb link_option_url=\u00bbhttps:\/\/truecare.org\/es\/carreras\/\u00bb locked=\u00bboff\u00bb]<i class=\"fal fa-stethoscope\"><\/i>[\/et_pb_text][et_pb_text module_id=\u00bborange-chevron\u00bb module_class=\u00bbforma link-pink\u00bb _builder_version=\u00bb4.6.0&#8243; text_font_size=\u00bb21px\u00bb text_orientation=\u00bbcenter\u00bb locked=\u00bboff\u00bb]<\/p>\n<p><a href=\"https:\/\/truecare.org\/es\/carreras\/\">Carreras <i class=\"fas fa-chevron-right\"><\/i><\/a><\/p>\n<p>[\/et_pb_text][\/et_pb_column][\/et_pb_row][\/et_pb_section]<\/p>\n<span class=\"et_bloom_bottom_trigger\"><\/span>","protected":false},"excerpt":{"rendered":"<p>Comprobar prontoEsta p\u00e1gina est\u00e1 actualmente en construcci\u00f3n\u00a1Estamos creando algo genial!Cuidado extraordinario con coraz\u00f3n.Kyle Brooks, DC Quiropr\u00e1ctico\u00bbLorem ipsum dolor sit amet, consectetur sed adipisicing elit, sed do eiusmod tempor amet incididunt [&hellip;]<\/p>\n","protected":false},"author":9,"featured_media":0,"parent":0,"menu_order":0,"comment_status":"closed","ping_status":"closed","template":"","meta":{"_acf_changed":false,"_et_pb_use_builder":"on","_et_pb_old_content":"","_et_gb_content_width":"","inline_featured_image":false,"footnotes":""},"class_list":["post-8685","page","type-page","status-publish","hentry"],"acf":[],"yoast_head":"<!-- This site is optimized with the Yoast SEO plugin v27.3 - https:\/\/yoast.com\/product\/yoast-seo-wordpress\/ -->\n<title>TrueCare en construcci\u00f3n - TrueCare<\/title>\n<meta name=\"description\" content=\"TrueCare ofrece servicios de salud en sus cl\u00ednicas de salud locales en el Condado de San Diego. \u00a1Aprende m\u00e1s sobre nuestros Centros TrueCare aqu\u00ed!\" \/>\n<meta name=\"robots\" content=\"index, follow, max-snippet:-1, max-image-preview:large, max-video-preview:-1\" \/>\n<link rel=\"canonical\" href=\"https:\/\/truecare.org\/es\/en-obra\/\" \/>\n<meta property=\"og:locale\" content=\"es_ES\" \/>\n<meta property=\"og:type\" content=\"article\" \/>\n<meta property=\"og:title\" content=\"TrueCare en construcci\u00f3n - TrueCare\" \/>\n<meta property=\"og:description\" content=\"TrueCare ofrece servicios de salud en sus cl\u00ednicas de salud locales en el Condado de San Diego. \u00a1Aprende m\u00e1s sobre nuestros Centros TrueCare aqu\u00ed!\" \/>\n<meta property=\"og:site_name\" content=\"TrueCare\" \/>\n<meta property=\"article:publisher\" content=\"https:\/\/www.facebook.com\/healthtruecare\" \/>\n<meta property=\"article:modified_time\" content=\"2021-03-04T22:39:37+00:00\" \/>\n<meta name=\"twitter:card\" content=\"summary_large_image\" \/>\n<meta name=\"twitter:site\" content=\"@healthtruecare\" \/>\n<meta name=\"twitter:label1\" content=\"Tiempo de lectura\" \/>\n\t<meta name=\"twitter:data1\" content=\"8 minutos\" \/>\n<script type=\"application\/ld+json\" class=\"yoast-schema-graph\">{\"@context\":\"https:\\\/\\\/schema.org\",\"@graph\":[{\"@type\":\"WebPage\",\"@id\":\"https:\\\/\\\/truecare.org\\\/es\\\/en-obra\\\/\",\"url\":\"https:\\\/\\\/truecare.org\\\/es\\\/en-obra\\\/\",\"name\":\"TrueCare en construcci\u00f3n - TrueCare\",\"isPartOf\":{\"@id\":\"https:\\\/\\\/truecare.org\\\/es\\\/#website\"},\"datePublished\":\"2020-09-16T22:01:06+00:00\",\"dateModified\":\"2021-03-04T22:39:37+00:00\",\"description\":\"TrueCare ofrece servicios de salud en sus cl\u00ednicas de salud locales en el Condado de San Diego. \u00a1Aprende m\u00e1s sobre nuestros Centros TrueCare aqu\u00ed!\",\"breadcrumb\":{\"@id\":\"https:\\\/\\\/truecare.org\\\/es\\\/en-obra\\\/#breadcrumb\"},\"inLanguage\":\"es\",\"potentialAction\":[{\"@type\":\"ReadAction\",\"target\":[\"https:\\\/\\\/truecare.org\\\/es\\\/en-obra\\\/\"]}]},{\"@type\":\"BreadcrumbList\",\"@id\":\"https:\\\/\\\/truecare.org\\\/es\\\/en-obra\\\/#breadcrumb\",\"itemListElement\":[{\"@type\":\"ListItem\",\"position\":1,\"name\":\"Inicio\",\"item\":\"https:\\\/\\\/truecare.org\\\/es\\\/\"},{\"@type\":\"ListItem\",\"position\":2,\"name\":\"En obra\"}]},{\"@type\":\"WebSite\",\"@id\":\"https:\\\/\\\/truecare.org\\\/es\\\/#website\",\"url\":\"https:\\\/\\\/truecare.org\\\/es\\\/\",\"name\":\"TrueCare\",\"description\":\"Health inside. Welcome in.\",\"publisher\":{\"@id\":\"https:\\\/\\\/truecare.org\\\/es\\\/#organization\"},\"potentialAction\":[{\"@type\":\"SearchAction\",\"target\":{\"@type\":\"EntryPoint\",\"urlTemplate\":\"https:\\\/\\\/truecare.org\\\/es\\\/?s={search_term_string}\"},\"query-input\":{\"@type\":\"PropertyValueSpecification\",\"valueRequired\":true,\"valueName\":\"search_term_string\"}}],\"inLanguage\":\"es\"},{\"@type\":\"Organization\",\"@id\":\"https:\\\/\\\/truecare.org\\\/es\\\/#organization\",\"name\":\"TrueCare\",\"url\":\"https:\\\/\\\/truecare.org\\\/es\\\/\",\"logo\":{\"@type\":\"ImageObject\",\"inLanguage\":\"es\",\"@id\":\"https:\\\/\\\/truecare.org\\\/es\\\/#\\\/schema\\\/logo\\\/image\\\/\",\"url\":\"https:\\\/\\\/truecare.org\\\/wp-content\\\/uploads\\\/truecare-logo-header-205x45-1.svg\",\"contentUrl\":\"https:\\\/\\\/truecare.org\\\/wp-content\\\/uploads\\\/truecare-logo-header-205x45-1.svg\",\"width\":\"1024\",\"height\":\"1024\",\"caption\":\"TrueCare\"},\"image\":{\"@id\":\"https:\\\/\\\/truecare.org\\\/es\\\/#\\\/schema\\\/logo\\\/image\\\/\"},\"sameAs\":[\"https:\\\/\\\/www.facebook.com\\\/healthtruecare\",\"https:\\\/\\\/x.com\\\/healthtruecare\",\"https:\\\/\\\/www.instagram.com\\\/truecare.health\\\/\",\"https:\\\/\\\/www.linkedin.com\\\/company\\\/health-truecare\\\/\",\"https:\\\/\\\/www.youtube.com\\\/channel\\\/UClN83htaiuzCzfzdikXPCTw\",\"https:\\\/\\\/www.pinterest.com\\\/healthtruecare\"]}]}<\/script>\n<!-- \/ Yoast SEO plugin. -->","yoast_head_json":{"title":"TrueCare en construcci\u00f3n - TrueCare","description":"TrueCare ofrece servicios de salud en sus cl\u00ednicas de salud locales en el Condado de San Diego. \u00a1Aprende m\u00e1s sobre nuestros Centros TrueCare aqu\u00ed!","robots":{"index":"index","follow":"follow","max-snippet":"max-snippet:-1","max-image-preview":"max-image-preview:large","max-video-preview":"max-video-preview:-1"},"canonical":"https:\/\/truecare.org\/es\/en-obra\/","og_locale":"es_ES","og_type":"article","og_title":"TrueCare en construcci\u00f3n - TrueCare","og_description":"TrueCare ofrece servicios de salud en sus cl\u00ednicas de salud locales en el Condado de San Diego. \u00a1Aprende m\u00e1s sobre nuestros Centros TrueCare aqu\u00ed!","og_site_name":"TrueCare","article_publisher":"https:\/\/www.facebook.com\/healthtruecare","article_modified_time":"2021-03-04T22:39:37+00:00","twitter_card":"summary_large_image","twitter_site":"@healthtruecare","twitter_misc":{"Tiempo de lectura":"8 minutos"},"schema":{"@context":"https:\/\/schema.org","@graph":[{"@type":"WebPage","@id":"https:\/\/truecare.org\/es\/en-obra\/","url":"https:\/\/truecare.org\/es\/en-obra\/","name":"TrueCare en construcci\u00f3n - TrueCare","isPartOf":{"@id":"https:\/\/truecare.org\/es\/#website"},"datePublished":"2020-09-16T22:01:06+00:00","dateModified":"2021-03-04T22:39:37+00:00","description":"TrueCare ofrece servicios de salud en sus cl\u00ednicas de salud locales en el Condado de San Diego. \u00a1Aprende m\u00e1s sobre nuestros Centros TrueCare aqu\u00ed!","breadcrumb":{"@id":"https:\/\/truecare.org\/es\/en-obra\/#breadcrumb"},"inLanguage":"es","potentialAction":[{"@type":"ReadAction","target":["https:\/\/truecare.org\/es\/en-obra\/"]}]},{"@type":"BreadcrumbList","@id":"https:\/\/truecare.org\/es\/en-obra\/#breadcrumb","itemListElement":[{"@type":"ListItem","position":1,"name":"Inicio","item":"https:\/\/truecare.org\/es\/"},{"@type":"ListItem","position":2,"name":"En obra"}]},{"@type":"WebSite","@id":"https:\/\/truecare.org\/es\/#website","url":"https:\/\/truecare.org\/es\/","name":"TrueCare","description":"Health inside. Welcome in.","publisher":{"@id":"https:\/\/truecare.org\/es\/#organization"},"potentialAction":[{"@type":"SearchAction","target":{"@type":"EntryPoint","urlTemplate":"https:\/\/truecare.org\/es\/?s={search_term_string}"},"query-input":{"@type":"PropertyValueSpecification","valueRequired":true,"valueName":"search_term_string"}}],"inLanguage":"es"},{"@type":"Organization","@id":"https:\/\/truecare.org\/es\/#organization","name":"TrueCare","url":"https:\/\/truecare.org\/es\/","logo":{"@type":"ImageObject","inLanguage":"es","@id":"https:\/\/truecare.org\/es\/#\/schema\/logo\/image\/","url":"https:\/\/truecare.org\/wp-content\/uploads\/truecare-logo-header-205x45-1.svg","contentUrl":"https:\/\/truecare.org\/wp-content\/uploads\/truecare-logo-header-205x45-1.svg","width":"1024","height":"1024","caption":"TrueCare"},"image":{"@id":"https:\/\/truecare.org\/es\/#\/schema\/logo\/image\/"},"sameAs":["https:\/\/www.facebook.com\/healthtruecare","https:\/\/x.com\/healthtruecare","https:\/\/www.instagram.com\/truecare.health\/","https:\/\/www.linkedin.com\/company\/health-truecare\/","https:\/\/www.youtube.com\/channel\/UClN83htaiuzCzfzdikXPCTw","https:\/\/www.pinterest.com\/healthtruecare"]}]}},"_links":{"self":[{"href":"https:\/\/truecare.org\/es\/wp-json\/wp\/v2\/pages\/8685","targetHints":{"allow":["GET"]}}],"collection":[{"href":"https:\/\/truecare.org\/es\/wp-json\/wp\/v2\/pages"}],"about":[{"href":"https:\/\/truecare.org\/es\/wp-json\/wp\/v2\/types\/page"}],"author":[{"embeddable":true,"href":"https:\/\/truecare.org\/es\/wp-json\/wp\/v2\/users\/9"}],"replies":[{"embeddable":true,"href":"https:\/\/truecare.org\/es\/wp-json\/wp\/v2\/comments?post=8685"}],"version-history":[{"count":0,"href":"https:\/\/truecare.org\/es\/wp-json\/wp\/v2\/pages\/8685\/revisions"}],"wp:attachment":[{"href":"https:\/\/truecare.org\/es\/wp-json\/wp\/v2\/media?parent=8685"}],"curies":[{"name":"wp","href":"https:\/\/api.w.org\/{rel}","templated":true}]}}