{"id":8582,"date":"2020-09-16T13:33:17","date_gmt":"2020-09-16T20:33:17","guid":{"rendered":"https:\/\/truecare.org\/accesibilidad\/"},"modified":"2022-03-08T08:30:29","modified_gmt":"2022-03-08T16:30:29","slug":"accesibilidad","status":"publish","type":"page","link":"https:\/\/truecare.org\/es\/accesibilidad\/","title":{"rendered":"Accesibilidad"},"content":{"rendered":"<p>[et_pb_section fb_built=\u00bb1&#8243; admin_label=\u00bb<\/p>\n<h1>Accessibility Statement<\/h1>\n<p> &#8211; Section\u00bb _builder_version=\u00bb4.4.9&#8243; custom_padding=\u00bb0px||0px||false|false\u00bb collapsed=\u00bboff\u00bb][et_pb_row admin_label=\u00bb&lt;h1&gt;Declaraci\u00f3n de accesibilidad&lt;\/h1&gt; &#8211; Fila\u00bb _builder_version=\u00bb4.4.9&#8243; custom_padding=\u00bb0px||0px||false|false\u00bb collapsed=\u00bboff\u00bb][et_pb_column type=\u00bb4_4&#8243; _builder_version=\u00bb4.4.9&#8243;][et_pb_text admin_label=\u00bb<\/p>\n<h1>Accessibility Statement<\/h1>\n<p>\u00bb module_class=\u00bbforma-font\u00bb _builder_version=\u00bb4.6.0&#8243; header_text_color=\u00bb#e41b7a\u00bb header_line_height=\u00bb1.4em\u00bb custom_padding=\u00bb||10px||false|false\u00bb header_font_size_tablet=\u00bb40px\u00bb header_font_size_phone=\u00bb30px\u00bb header_font_size_last_edited=\u00bbon|phone\u00bb]<\/p>\n<h1>Declaraci\u00f3n de accesibilidad<\/h1>\n<p>[\/et_pb_text][\/et_pb_column][\/et_pb_row][\/et_pb_section][et_pb_section fb_built=\u00bb1&#8243; admin_label=\u00bb<\/p>\n<h2>Effective September 1, 2020<\/h2>\n<p> \/ Body Copy &#8211; Section\u00bb _builder_version=\u00bb4.4.9&#8243; custom_padding=\u00bb0px||0px||false|false\u00bb collapsed=\u00bboff\u00bb][et_pb_row custom_padding_last_edited=\u00bbon|desktop\u00bb admin_label=\u00bb&lt;h2&gt;A partir del 1 de septiembre de 2020&lt;\/h2&gt;  \/ Body Copy &#8211; Fila\u00bb _builder_version=\u00bb4.5.1&#8243; width_last_edited=\u00bboff|desktop\u00bb custom_margin_last_edited=\u00bboff|desktop\u00bb custom_padding=\u00bb0px||80px||false|false\u00bb custom_padding_tablet=\u00bb||8%||false|false\u00bb custom_padding_phone=\u00bb||10%||false|false\u00bb locked=\u00bboff\u00bb][et_pb_column type=\u00bb4_4&#8243; _builder_version=\u00bb4.4.9&#8243;][et_pb_text admin_label=\u00bb<\/p>\n<h2>Effective September 1, 2020<\/h2>\n<p>\u00bb module_class=\u00bbforma-font\u00bb _builder_version=\u00bb4.6.0&#8243; header_text_color=\u00bb#e41b7a\u00bb header_line_height=\u00bb1.4em\u00bb header_2_text_color=\u00bb#f98909&#8243; header_2_font_size=\u00bb30px\u00bb header_2_line_height=\u00bb1.2em\u00bb custom_margin=\u00bb||20px||false|false\u00bb custom_padding=\u00bb||||false|false\u00bb header_font_size_tablet=\u00bb40px\u00bb header_font_size_phone=\u00bb30px\u00bb header_font_size_last_edited=\u00bbon|phone\u00bb header_2_font_size_tablet=\u00bb\u00bb header_2_font_size_phone=\u00bb26px\u00bb header_2_font_size_last_edited=\u00bbon|phone\u00bb locked=\u00bboff\u00bb]<\/p>\n<h2>A partir del 1 de septiembre de 2020<\/h2>\n<p>[\/et_pb_text][et_pb_text admin_label=\u00bbTrueCare.org strives to ensure that its services are accessible to people with disabilities\u00bb module_class=\u00bbpink\u00bb _builder_version=\u00bb4.6.0&#8243; text_line_height=\u00bb1.6em\u00bb header_text_color=\u00bb#e41b7a\u00bb custom_margin=\u00bb||20px||false|false\u00bb]<\/p>\n<p><strong>General<\/strong><\/p>\n<p>TrueCare.org se esfuerza por garantizar que sus servicios sean accesibles para las personas con discapacidad. TrueCare.org ha invertido una cantidad significativa de recursos para ayudar a garantizar que su sitio web sea m\u00e1s f\u00e1cil de usar y m\u00e1s accesible para las personas con discapacidad, con la firme creencia de que toda persona tiene derecho a vivir con dignidad, igualdad, comodidad e independencia.<\/p>\n<p><strong>Accesibilidad en Truecare.org<\/strong><\/p>\n<p>TrueCare.org pone a disposici\u00f3n el widget de accesibilidad al sitio web UserWay que funciona con un servidor de accesibilidad dedicado. El software permite a TrueCare.org mejorar su cumplimiento con las Directrices de Accesibilidad al Contenido Web (WCAG 2.1).<\/p>\n<p><strong>Habilitaci\u00f3n del men\u00fa de accesibilidad<\/strong><\/p>\n<p>El men\u00fa de accesibilidad TrueCare.org se puede activar pulsando la tecla de tabulaci\u00f3n cuando se carga la p\u00e1gina por primera vez o haciendo clic en el icono del men\u00fa de accesibilidad que aparece en la esquina de la p\u00e1gina. Despu\u00e9s de activar el men\u00fa de accesibilidad, espere un momento a que el men\u00fa de accesibilidad se cargue en su totalidad.<\/p>\n<p><strong>Renuncia<\/strong><\/p>\n<p>TrueCare.org contin\u00faa sus esfuerzos para mejorar constantemente la accesibilidad de su sitio y servicios en la creencia de que es nuestra obligaci\u00f3n moral colectiva permitir un uso sin fisuras, accesible y sin obst\u00e1culos tambi\u00e9n para aquellos de nosotros con discapacidades.<\/p>\n<p>En un esfuerzo continuo para mejorar y corregir continuamente los problemas de accesibilidad, tambi\u00e9n analizamos regularmente TrueCare.org con el esc\u00e1ner de <g id=\"gid_0\">accesibilidad<\/g> de UserWay para identificar y corregir todas las barreras de accesibilidad posibles en nuestro sitio.<br \/>\nA pesar de nuestros esfuerzos para que todas las p\u00e1ginas y el contenido de TrueCare.org sean totalmente accesibles, es posible que algunos contenidos a\u00fan no se hayan adaptado completamente a los est\u00e1ndares de accesibilidad m\u00e1s estrictos. Esto puede ser el resultado de no haber encontrado o identificado la soluci\u00f3n tecnol\u00f3gica m\u00e1s adecuada.<\/p>\n<p><strong>Aqu\u00ed para ti<\/strong><\/p>\n<p>Si usted est\u00e1 experimentando dificultades con cualquier contenido en TrueCare.org o necesita ayuda con cualquier parte de nuestro sitio, por favor p\u00f3ngase en contacto con nosotros durante el horario comercial normal como se detalla a continuaci\u00f3n y estaremos encantados de ayudarle.<\/p>\n<p><strong>cont\u00e1ctenos<\/strong><\/p>\n<p>Si desea informar de un problema de accesibilidad, tiene alguna pregunta o necesita ayuda, p\u00f3ngase en contacto con TrueCare.org atenci\u00f3n al cliente de la siguiente manera:<\/p>\n<p>Correo electr\u00f3nico: info@truecare.org<br \/>\nTel\u00e9fono: <g id=\"gid_0\">(760) 736-6700.<\/g><\/p>\n<p>[\/et_pb_text][\/et_pb_column][\/et_pb_row][\/et_pb_section]<\/p>\n<span class=\"et_bloom_bottom_trigger\"><\/span>","protected":false},"excerpt":{"rendered":"<p>Declaraci\u00f3n de accesibilidadA partir del 1 de septiembre de 2020General TrueCare.org se esfuerza por garantizar que sus servicios sean accesibles para las personas con discapacidad. TrueCare.org ha invertido una cantidad [&hellip;]<\/p>\n","protected":false},"author":7,"featured_media":0,"parent":0,"menu_order":0,"comment_status":"closed","ping_status":"closed","template":"","meta":{"_acf_changed":false,"_et_pb_use_builder":"on","_et_pb_old_content":"","_et_gb_content_width":"","inline_featured_image":false,"footnotes":""},"class_list":["post-8582","page","type-page","status-publish","hentry"],"acf":[],"yoast_head":"<!-- This site is optimized with the Yoast SEO plugin v27.5 - https:\/\/yoast.com\/product\/yoast-seo-wordpress\/ -->\n<title>Declaraci\u00f3n de accesibilidad - TrueCare<\/title>\n<meta name=\"description\" content=\"TrueCare.org se esfuerza por garantizar que sus servicios sean accesibles para las personas con discapacidad. TrueCare.org ha invertido una cantidad significativa de recursos para ayudar a garantizar que su sitio web sea m\u00e1s f\u00e1cil de usar y m\u00e1s accesible para las personas con discapacidades\" \/>\n<meta name=\"robots\" content=\"index, follow, max-snippet:-1, max-image-preview:large, max-video-preview:-1\" \/>\n<link rel=\"canonical\" href=\"https:\/\/truecare.org\/es\/accesibilidad\/\" \/>\n<meta property=\"og:locale\" content=\"es_ES\" \/>\n<meta property=\"og:type\" content=\"article\" \/>\n<meta property=\"og:title\" content=\"Declaraci\u00f3n de accesibilidad - TrueCare\" \/>\n<meta property=\"og:description\" content=\"TrueCare.org se esfuerza por garantizar que sus servicios sean accesibles para las personas con discapacidad. TrueCare.org ha invertido una cantidad significativa de recursos para ayudar a garantizar que su sitio web sea m\u00e1s f\u00e1cil de usar y m\u00e1s accesible para las personas con discapacidades\" \/>\n<meta property=\"og:site_name\" content=\"TrueCare\" \/>\n<meta property=\"article:publisher\" content=\"https:\/\/www.facebook.com\/healthtruecare\" \/>\n<meta property=\"article:modified_time\" content=\"2022-03-08T16:30:29+00:00\" \/>\n<meta name=\"twitter:card\" content=\"summary_large_image\" \/>\n<meta name=\"twitter:site\" content=\"@healthtruecare\" \/>\n<meta name=\"twitter:label1\" content=\"Tiempo de lectura\" \/>\n\t<meta name=\"twitter:data1\" content=\"4 minutos\" \/>\n<script type=\"application\/ld+json\" class=\"yoast-schema-graph\">{\"@context\":\"https:\\\/\\\/schema.org\",\"@graph\":[{\"@type\":\"WebPage\",\"@id\":\"https:\\\/\\\/truecare.org\\\/es\\\/accesibilidad\\\/\",\"url\":\"https:\\\/\\\/truecare.org\\\/es\\\/accesibilidad\\\/\",\"name\":\"Declaraci\u00f3n de accesibilidad - TrueCare\",\"isPartOf\":{\"@id\":\"https:\\\/\\\/truecare.org\\\/es\\\/#website\"},\"datePublished\":\"2020-09-16T20:33:17+00:00\",\"dateModified\":\"2022-03-08T16:30:29+00:00\",\"description\":\"TrueCare.org se esfuerza por garantizar que sus servicios sean accesibles para las personas con discapacidad. TrueCare.org ha invertido una cantidad significativa de recursos para ayudar a garantizar que su sitio web sea m\u00e1s f\u00e1cil de usar y m\u00e1s accesible para las personas con discapacidades\",\"breadcrumb\":{\"@id\":\"https:\\\/\\\/truecare.org\\\/es\\\/accesibilidad\\\/#breadcrumb\"},\"inLanguage\":\"es\",\"potentialAction\":[{\"@type\":\"ReadAction\",\"target\":[\"https:\\\/\\\/truecare.org\\\/es\\\/accesibilidad\\\/\"]}]},{\"@type\":\"BreadcrumbList\",\"@id\":\"https:\\\/\\\/truecare.org\\\/es\\\/accesibilidad\\\/#breadcrumb\",\"itemListElement\":[{\"@type\":\"ListItem\",\"position\":1,\"name\":\"Inicio\",\"item\":\"https:\\\/\\\/truecare.org\\\/es\\\/\"},{\"@type\":\"ListItem\",\"position\":2,\"name\":\"Accesibilidad\"}]},{\"@type\":\"WebSite\",\"@id\":\"https:\\\/\\\/truecare.org\\\/es\\\/#website\",\"url\":\"https:\\\/\\\/truecare.org\\\/es\\\/\",\"name\":\"TrueCare\",\"description\":\"Health inside. Welcome in.\",\"publisher\":{\"@id\":\"https:\\\/\\\/truecare.org\\\/es\\\/#organization\"},\"potentialAction\":[{\"@type\":\"SearchAction\",\"target\":{\"@type\":\"EntryPoint\",\"urlTemplate\":\"https:\\\/\\\/truecare.org\\\/es\\\/?s={search_term_string}\"},\"query-input\":{\"@type\":\"PropertyValueSpecification\",\"valueRequired\":true,\"valueName\":\"search_term_string\"}}],\"inLanguage\":\"es\"},{\"@type\":\"Organization\",\"@id\":\"https:\\\/\\\/truecare.org\\\/es\\\/#organization\",\"name\":\"TrueCare\",\"url\":\"https:\\\/\\\/truecare.org\\\/es\\\/\",\"logo\":{\"@type\":\"ImageObject\",\"inLanguage\":\"es\",\"@id\":\"https:\\\/\\\/truecare.org\\\/es\\\/#\\\/schema\\\/logo\\\/image\\\/\",\"url\":\"https:\\\/\\\/truecare.org\\\/wp-content\\\/uploads\\\/truecare-logo-header-205x45-1.svg\",\"contentUrl\":\"https:\\\/\\\/truecare.org\\\/wp-content\\\/uploads\\\/truecare-logo-header-205x45-1.svg\",\"width\":\"1024\",\"height\":\"1024\",\"caption\":\"TrueCare\"},\"image\":{\"@id\":\"https:\\\/\\\/truecare.org\\\/es\\\/#\\\/schema\\\/logo\\\/image\\\/\"},\"sameAs\":[\"https:\\\/\\\/www.facebook.com\\\/healthtruecare\",\"https:\\\/\\\/x.com\\\/healthtruecare\",\"https:\\\/\\\/www.instagram.com\\\/truecare.health\\\/\",\"https:\\\/\\\/www.linkedin.com\\\/company\\\/health-truecare\\\/\",\"https:\\\/\\\/www.youtube.com\\\/channel\\\/UClN83htaiuzCzfzdikXPCTw\",\"https:\\\/\\\/www.pinterest.com\\\/healthtruecare\"]}]}<\/script>\n<!-- \/ Yoast SEO plugin. -->","yoast_head_json":{"title":"Declaraci\u00f3n de accesibilidad - TrueCare","description":"TrueCare.org se esfuerza por garantizar que sus servicios sean accesibles para las personas con discapacidad. TrueCare.org ha invertido una cantidad significativa de recursos para ayudar a garantizar que su sitio web sea m\u00e1s f\u00e1cil de usar y m\u00e1s accesible para las personas con discapacidades","robots":{"index":"index","follow":"follow","max-snippet":"max-snippet:-1","max-image-preview":"max-image-preview:large","max-video-preview":"max-video-preview:-1"},"canonical":"https:\/\/truecare.org\/es\/accesibilidad\/","og_locale":"es_ES","og_type":"article","og_title":"Declaraci\u00f3n de accesibilidad - TrueCare","og_description":"TrueCare.org se esfuerza por garantizar que sus servicios sean accesibles para las personas con discapacidad. TrueCare.org ha invertido una cantidad significativa de recursos para ayudar a garantizar que su sitio web sea m\u00e1s f\u00e1cil de usar y m\u00e1s accesible para las personas con discapacidades","og_site_name":"TrueCare","article_publisher":"https:\/\/www.facebook.com\/healthtruecare","article_modified_time":"2022-03-08T16:30:29+00:00","twitter_card":"summary_large_image","twitter_site":"@healthtruecare","twitter_misc":{"Tiempo de lectura":"4 minutos"},"schema":{"@context":"https:\/\/schema.org","@graph":[{"@type":"WebPage","@id":"https:\/\/truecare.org\/es\/accesibilidad\/","url":"https:\/\/truecare.org\/es\/accesibilidad\/","name":"Declaraci\u00f3n de accesibilidad - TrueCare","isPartOf":{"@id":"https:\/\/truecare.org\/es\/#website"},"datePublished":"2020-09-16T20:33:17+00:00","dateModified":"2022-03-08T16:30:29+00:00","description":"TrueCare.org se esfuerza por garantizar que sus servicios sean accesibles para las personas con discapacidad. TrueCare.org ha invertido una cantidad significativa de recursos para ayudar a garantizar que su sitio web sea m\u00e1s f\u00e1cil de usar y m\u00e1s accesible para las personas con discapacidades","breadcrumb":{"@id":"https:\/\/truecare.org\/es\/accesibilidad\/#breadcrumb"},"inLanguage":"es","potentialAction":[{"@type":"ReadAction","target":["https:\/\/truecare.org\/es\/accesibilidad\/"]}]},{"@type":"BreadcrumbList","@id":"https:\/\/truecare.org\/es\/accesibilidad\/#breadcrumb","itemListElement":[{"@type":"ListItem","position":1,"name":"Inicio","item":"https:\/\/truecare.org\/es\/"},{"@type":"ListItem","position":2,"name":"Accesibilidad"}]},{"@type":"WebSite","@id":"https:\/\/truecare.org\/es\/#website","url":"https:\/\/truecare.org\/es\/","name":"TrueCare","description":"Health inside. Welcome in.","publisher":{"@id":"https:\/\/truecare.org\/es\/#organization"},"potentialAction":[{"@type":"SearchAction","target":{"@type":"EntryPoint","urlTemplate":"https:\/\/truecare.org\/es\/?s={search_term_string}"},"query-input":{"@type":"PropertyValueSpecification","valueRequired":true,"valueName":"search_term_string"}}],"inLanguage":"es"},{"@type":"Organization","@id":"https:\/\/truecare.org\/es\/#organization","name":"TrueCare","url":"https:\/\/truecare.org\/es\/","logo":{"@type":"ImageObject","inLanguage":"es","@id":"https:\/\/truecare.org\/es\/#\/schema\/logo\/image\/","url":"https:\/\/truecare.org\/wp-content\/uploads\/truecare-logo-header-205x45-1.svg","contentUrl":"https:\/\/truecare.org\/wp-content\/uploads\/truecare-logo-header-205x45-1.svg","width":"1024","height":"1024","caption":"TrueCare"},"image":{"@id":"https:\/\/truecare.org\/es\/#\/schema\/logo\/image\/"},"sameAs":["https:\/\/www.facebook.com\/healthtruecare","https:\/\/x.com\/healthtruecare","https:\/\/www.instagram.com\/truecare.health\/","https:\/\/www.linkedin.com\/company\/health-truecare\/","https:\/\/www.youtube.com\/channel\/UClN83htaiuzCzfzdikXPCTw","https:\/\/www.pinterest.com\/healthtruecare"]}]}},"_links":{"self":[{"href":"https:\/\/truecare.org\/es\/wp-json\/wp\/v2\/pages\/8582","targetHints":{"allow":["GET"]}}],"collection":[{"href":"https:\/\/truecare.org\/es\/wp-json\/wp\/v2\/pages"}],"about":[{"href":"https:\/\/truecare.org\/es\/wp-json\/wp\/v2\/types\/page"}],"author":[{"embeddable":true,"href":"https:\/\/truecare.org\/es\/wp-json\/wp\/v2\/users\/7"}],"replies":[{"embeddable":true,"href":"https:\/\/truecare.org\/es\/wp-json\/wp\/v2\/comments?post=8582"}],"version-history":[{"count":0,"href":"https:\/\/truecare.org\/es\/wp-json\/wp\/v2\/pages\/8582\/revisions"}],"wp:attachment":[{"href":"https:\/\/truecare.org\/es\/wp-json\/wp\/v2\/media?parent=8582"}],"curies":[{"name":"wp","href":"https:\/\/api.w.org\/{rel}","templated":true}]}}