{"id":23296,"date":"2022-03-14T09:57:22","date_gmt":"2022-03-14T16:57:22","guid":{"rendered":"https:\/\/truecare.org\/programe-una-vacuna-contra-el-covid-19-en-linea\/"},"modified":"2025-09-25T15:10:40","modified_gmt":"2025-09-25T22:10:40","slug":"programe-una-vacuna-contra-el-covid-19-en-linea","status":"publish","type":"page","link":"https:\/\/truecare.org\/es\/programe-una-vacuna-contra-el-covid-19-en-linea\/","title":{"rendered":"Programe una vacuna contra el COVID-19 en l\u00ednea"},"content":{"rendered":"<p>[et_pb_section fb_built=\u00bb1&#8243; _builder_version=\u00bb4.20.4&#8243; _module_preset=\u00bbdefault\u00bb background_color=\u00bb#1d969a\u00bb custom_padding=\u00bb0px||0px||false|false\u00bb saved_tabs=\u00bball\u00bb locked=\u00bboff\u00bb collapsed=\u00bbon\u00bb global_colors_info=\u00bb{}\u00bb][et_pb_row custom_padding_last_edited=\u00bbon|phone\u00bb _builder_version=\u00bb4.20.4&#8243; _module_preset=\u00bbdefault\u00bb custom_padding=\u00bb80px||50px||false|false\u00bb custom_padding_tablet=\u00bb80px||50px||false|false\u00bb custom_padding_phone=\u00bb50px||30px||false|false\u00bb collapsed=\u00bbon\u00bb global_colors_info=\u00bb{}\u00bb][et_pb_column type=\u00bb4_4&#8243; _builder_version=\u00bb4.20.4&#8243; _module_preset=\u00bbdefault\u00bb global_colors_info=\u00bb{}\u00bb][et_pb_text module_class=\u00bbforma\u00bb _builder_version=\u00bb4.20.4&#8243; _module_preset=\u00bbdefault\u00bb text_text_color=\u00bb#FFFFFF\u00bb text_font_size=\u00bb40px\u00bb text_line_height=\u00bb1.2em\u00bb header_text_color=\u00bb#FFFFFF\u00bb header_font_size=\u00bb40px\u00bb text_font_size_tablet=\u00bb35px\u00bb text_font_size_phone=\u00bb25px\u00bb text_font_size_last_edited=\u00bbon|phone\u00bb header_font_size_tablet=\u00bb\u00bb header_font_size_phone=\u00bb30px\u00bb header_font_size_last_edited=\u00bbon|phone\u00bb header_line_height_tablet=\u00bb\u00bb header_line_height_phone=\u00bb1.2em\u00bb header_line_height_last_edited=\u00bbon|phone\u00bb locked=\u00bboff\u00bb global_colors_info=\u00bb{}\u00bb]<\/p>\n<h1>Programe una vacuna contra el COVID-19 en l\u00ednea<\/h1>\n<p>[\/et_pb_text][\/et_pb_column][\/et_pb_row][\/et_pb_section][et_pb_section fb_built=\u00bb1&#8243; _builder_version=\u00bb4.20.4&#8243; _module_preset=\u00bbdefault\u00bb custom_padding=\u00bb0px||0px||false|false\u00bb saved_tabs=\u00bball\u00bb locked=\u00bboff\u00bb collapsed=\u00bbon\u00bb global_colors_info=\u00bb{}\u00bb][et_pb_row _builder_version=\u00bb4.20.4&#8243; _module_preset=\u00bbdefault\u00bb custom_padding=\u00bb40px||40px||false|false\u00bb collapsed=\u00bboff\u00bb global_colors_info=\u00bb{}\u00bb][et_pb_column type=\u00bb4_4&#8243; _builder_version=\u00bb4.20.4&#8243; _module_preset=\u00bbdefault\u00bb global_colors_info=\u00bb{}\u00bb][et_pb_text _builder_version=\u00bb4.23.4&#8243; _module_preset=\u00bbdefault\u00bb text_font_size=\u00bb15px\u00bb global_colors_info=\u00bb{}\u00bb]<span><span><a href=\"https:\/\/truecare.org\/es\/\">Inicio<\/a><\/span><\/span>[\/et_pb_text][\/et_pb_column][\/et_pb_row][\/et_pb_section][et_pb_section fb_built=\u00bb1&#8243; admin_label=\u00bbWe&#8217;re making it easier to schedule your COVID-19 vaccination \u00bb _builder_version=\u00bb4.16&#8243; custom_padding=\u00bb0px||0px||false|false\u00bb collapsed=\u00bbon\u00bb global_colors_info=\u00bb{}\u00bb][et_pb_row admin_label=\u00bbEstamos haciendo que sea m\u00e1s f\u00e1cil programar su vacuna contra el COVID-19 \u00bb _builder_version=\u00bb4.16&#8243; custom_padding=\u00bb0px||0px||false|false\u00bb collapsed=\u00bboff\u00bb global_colors_info=\u00bb{}\u00bb][et_pb_column type=\u00bb4_4&#8243; _builder_version=\u00bb4.16&#8243; global_colors_info=\u00bb{}\u00bb][et_pb_text admin_label=\u00bb<\/p>\n<h2>We put your health first&#8230; <\/h2>\n<p>\u00bb module_class=\u00bbforma-font\u00bb _builder_version=\u00bb4.20.4&#8243; header_text_color=\u00bb#e41b7a\u00bb header_line_height=\u00bb1.4em\u00bb header_2_text_color=\u00bb#f98909&#8243; header_2_font_size=\u00bb35px\u00bb header_2_line_height=\u00bb1.2em\u00bb custom_margin=\u00bb||20px||false|false\u00bb custom_padding=\u00bb||||false|false\u00bb header_font_size_tablet=\u00bb40px\u00bb header_font_size_phone=\u00bb30px\u00bb header_font_size_last_edited=\u00bbon|phone\u00bb header_2_font_size_tablet=\u00bb\u00bb header_2_font_size_phone=\u00bb26px\u00bb header_2_font_size_last_edited=\u00bbon|phone\u00bb locked=\u00bboff\u00bb global_colors_info=\u00bb{}\u00bb]<\/p>\n<h2>Hemos hecho que sea m\u00e1s f\u00e1cil programar su vacunaci\u00f3n y refuerzo en l\u00ednea.<\/h2>\n<p>[\/et_pb_text][\/et_pb_column][\/et_pb_row][\/et_pb_section][et_pb_section fb_built=\u00bb1&#8243; disabled_on=\u00bboff|off|off\u00bb admin_label=\u00bbBody Copy \/ Widget\u00bb _builder_version=\u00bb4.16&#8243; custom_padding=\u00bb0px||0px||false|false\u00bb collapsed=\u00bbon\u00bb global_colors_info=\u00bb{}\u00bb][et_pb_row custom_padding_last_edited=\u00bbon|phone\u00bb admin_label=\u00bbCopia del cuerpo \/ Widget\u00bb _builder_version=\u00bb4.20.4&#8243; width_last_edited=\u00bboff|desktop\u00bb custom_margin=\u00bb||50px||false|false\u00bb custom_margin_last_edited=\u00bboff|desktop\u00bb custom_padding=\u00bb0px||0px||false|false\u00bb custom_padding_tablet=\u00bb||||false|false\u00bb custom_padding_phone=\u00bb||||false|false\u00bb border_width_bottom=\u00bb1px\u00bb border_color_bottom=\u00bb#c6c6c6&#8243; locked=\u00bboff\u00bb collapsed=\u00bboff\u00bb global_colors_info=\u00bb{}\u00bb][et_pb_column type=\u00bb4_4&#8243; _builder_version=\u00bb4.16&#8243; global_colors_info=\u00bb{}\u00bb][et_pb_text disabled_on=\u00bboff|off|off\u00bb admin_label=\u00bbEffective September 1, 2020 \/ Body copy\u00bb _builder_version=\u00bb4.16&#8243; text_line_height=\u00bb1.6em\u00bb header_text_color=\u00bb#e41b7a\u00bb custom_margin=\u00bb||40px||false|false\u00bb global_colors_info=\u00bb{}\u00bb]<\/p>\n<p><strong>Ahora puede programar sus citas de vacunaci\u00f3n y refuerzo contra el COVID-19<\/strong> con nuestra conveniente herramienta de programaci\u00f3n en l\u00ednea. En un esfuerzo por crear todas las v\u00edas posibles para ayudar a nuestras comunidades a vacunarse e impulsarse, la programaci\u00f3n de vacunaci\u00f3n covid-19 en l\u00ednea en el sitio web de TrueCare permite a <strong>cualquier persona<\/strong> de la comunidad (incluidos los no pacientes) programar y ver citas al instante.<\/p>\n<p>Las citas est\u00e1n disponibles en ubicaciones seleccionadas de TrueCare. No se requiere <strong>una<\/strong> cuenta de MyChart, pero los pacientes que tienen cuentas de MyChart existentes pueden usar esta funci\u00f3n de programaci\u00f3n y conectarse a su cuenta de MyChart.<\/p>\n<p>[\/et_pb_text][\/et_pb_column][\/et_pb_row][\/et_pb_section][et_pb_section fb_built=\u00bb1&#8243; admin_label=\u00bbSchedule Appointment Button\u00bb _builder_version=\u00bb4.16&#8243; custom_padding=\u00bb0px||0px||false|false\u00bb locked=\u00bboff\u00bb collapsed=\u00bboff\u00bb global_colors_info=\u00bb{}\u00bb][et_pb_row admin_label=\u00bbBot\u00f3n Programar cita\u00bb _builder_version=\u00bb4.16.0&#8243; custom_padding=\u00bb0px||0px||false|false\u00bb collapsed=\u00bboff\u00bb global_colors_info=\u00bb{}\u00bb][et_pb_column type=\u00bb4_4&#8243; _builder_version=\u00bb4.16&#8243; global_colors_info=\u00bb{}\u00bb][et_pb_button button_url=\u00bbhttps:\/\/mychart.ochin.org\/mycharttc\/openscheduling\/standalone?&#038;dept=203006001,203010001,203012001,203002001,203014002,203024001,203004001,203001001,203001002&#038;vt=960&#038;lang=es-US%20&#8243; url_new_window=\u00bbon\u00bb button_text=\u00bbPrograme una cita:\u00bb _builder_version=\u00bb4.23.4&#8243; _module_preset=\u00bb5790d6c4-469d-4fc6-9f94-dc783ce40319&#8243; custom_margin=\u00bb||30px||false|false\u00bb animation_style=\u00bbnone\u00bb locked=\u00bboff\u00bb global_colors_info=\u00bb{}\u00bb button_bg_enable_color__hover=\u00bbon\u00bb][\/et_pb_button][et_pb_text disabled_on=\u00bboff|off|off\u00bb admin_label=\u00bbIf you don&#8217;t see an available appointment\u00bb module_class=\u00bbpink\u00bb _builder_version=\u00bb4.18.1&#8243; text_line_height=\u00bb1.6em\u00bb header_text_color=\u00bb#e41b7a\u00bb custom_margin=\u00bb||15px||false|false\u00bb global_colors_info=\u00bb{}\u00bb]<strong>Si no ve una cita disponible o necesita cancelar una cita hecha en l\u00ednea aqu\u00ed, ll\u00e1menos o env\u00edenos un mensaje de texto al <a href=\"tel:7607366767\">760-736-6767<\/a>.<\/strong>[\/et_pb_text][\/et_pb_column][\/et_pb_row][\/et_pb_section][et_pb_section fb_built=\u00bb1&#8243; admin_label=\u00bb4 Quicknav Callouts \u00bb _builder_version=\u00bb4.16&#8243; custom_padding=\u00bb0px||0px||false|false\u00bb global_module=\u00bb1566&#8243; saved_tabs=\u00bball\u00bb locked=\u00bboff\u00bb collapsed=\u00bbon\u00bb global_colors_info=\u00bb{}\u00bb][et_pb_row column_structure=\u00bb1_4,1_4,1_4,1_4&#8243; make_equal=\u00bbon\u00bb custom_padding_last_edited=\u00bbon|phone\u00bb admin_label=\u00bb4 Quicknav Callouts \u00bb module_class=\u00bbfour-callout-btm\u00bb _builder_version=\u00bb4.20.4&#8243; custom_margin=\u00bb||||false|false\u00bb custom_margin_tablet=\u00bb||||false|false\u00bb custom_margin_phone=\u00bb||||false|false\u00bb custom_margin_last_edited=\u00bboff|desktop\u00bb custom_padding=\u00bb150px||150px||false|false\u00bb custom_padding_tablet=\u00bb8%||10%||false|false\u00bb custom_padding_phone=\u00bb60px||80px||false|false\u00bb border_color_top=\u00bb#c6c6c6&#8243; border_color_bottom=\u00bb#c6c6c6&#8243; collapsed=\u00bboff\u00bb global_colors_info=\u00bb{}\u00bb][et_pb_column type=\u00bb1_4&#8243; _builder_version=\u00bb4.16&#8243; custom_padding_tablet=\u00bb||3%||false|false\u00bb custom_padding_phone=\u00bb\u00bb custom_padding_last_edited=\u00bbon|tablet\u00bb global_colors_info=\u00bb{}\u00bb][et_pb_image src=\u00bbhttps:\/\/truecare.org\/wp-content\/uploads\/global-heart-75&#215;75-1.svg\u00bb title_text=\u00bbglobal-heart-75&#215;75&#8243; align=\u00bbcenter\u00bb _builder_version=\u00bb4.20.4&#8243; _module_preset=\u00bbdefault\u00bb width=\u00bb75px\u00bb max_width=\u00bb75px\u00bb global_colors_info=\u00bb{}\u00bb][\/et_pb_image][et_pb_text module_id=\u00bborange-chevron\u00bb module_class=\u00bbforma link-pink\u00bb _builder_version=\u00bb4.16&#8243; text_font=\u00bb||||||||\u00bb text_font_size=\u00bb21px\u00bb text_orientation=\u00bbcenter\u00bb global_colors_info=\u00bb{}\u00bb]<\/p>\n<p><a href=\"https:\/\/mychart.ochin.org\/mycharttc\/Authentication\/Login\" rel=\"noopener noreferrer\" target=\"_blank\">Inicio de sesi\u00f3n en MyChart <i class=\"fas fa-chevron-right\"><\/i><\/a><\/p>\n<p>[\/et_pb_text][\/et_pb_column][et_pb_column type=\u00bb1_4&#8243; _builder_version=\u00bb4.16&#8243; custom_padding_tablet=\u00bb||3%||false|false\u00bb custom_padding_phone=\u00bb\u00bb custom_padding_last_edited=\u00bbon|tablet\u00bb global_colors_info=\u00bb{}\u00bb][et_pb_image src=\u00bbhttps:\/\/truecare.org\/wp-content\/uploads\/global-person-plus-94&#215;75-1.svg\u00bb title_text=\u00bbglobal-person-plus-94&#215;75&#8243; align=\u00bbcenter\u00bb _builder_version=\u00bb4.20.4&#8243; _module_preset=\u00bbdefault\u00bb width=\u00bb94px\u00bb max_width=\u00bb94px\u00bb locked=\u00bboff\u00bb global_colors_info=\u00bb{}\u00bb][\/et_pb_image][et_pb_text module_id=\u00bborange-chevron\u00bb module_class=\u00bbforma link-pink\u00bb _builder_version=\u00bb4.16&#8243; text_font_size=\u00bb21px\u00bb text_orientation=\u00bbcenter\u00bb global_colors_info=\u00bb{}\u00bb]<\/p>\n<p><a href=\"https:\/\/truecare.org\/es\/pacientes\/nuevos-pacientes\/\">Nuevos pacientes <i class=\"fas fa-chevron-right\"><\/i><\/a><\/p>\n<p>[\/et_pb_text][\/et_pb_column][et_pb_column type=\u00bb1_4&#8243; _builder_version=\u00bb4.16&#8243; global_colors_info=\u00bb{}\u00bb][et_pb_image src=\u00bbhttps:\/\/truecare.org\/wp-content\/uploads\/global-document-56&#215;75-1.svg\u00bb title_text=\u00bbglobal-document-56&#215;75&#8243; align=\u00bbcenter\u00bb _builder_version=\u00bb4.20.4&#8243; _module_preset=\u00bbdefault\u00bb width=\u00bb56px\u00bb max_width=\u00bb56px\u00bb locked=\u00bboff\u00bb global_colors_info=\u00bb{}\u00bb][\/et_pb_image][et_pb_text module_id=\u00bborange-chevron\u00bb module_class=\u00bbforma link-pink\u00bb _builder_version=\u00bb4.16&#8243; text_font_size=\u00bb21px\u00bb text_orientation=\u00bbcenter\u00bb locked=\u00bboff\u00bb global_colors_info=\u00bb{}\u00bb]<\/p>\n<p><a href=\"https:\/\/truecare.org\/es\/programas-recursos\/asistencia-de-seguro-de-salud\/\">Asistencia de Seguro de Salud <i class=\"fas fa-chevron-right\"><\/i><\/a><\/p>\n<p>[\/et_pb_text][\/et_pb_column][et_pb_column type=\u00bb1_4&#8243; _builder_version=\u00bb4.16&#8243; global_colors_info=\u00bb{}\u00bb][et_pb_image src=\u00bbhttps:\/\/truecare.org\/wp-content\/uploads\/global-stethescope-75&#215;75-1.svg\u00bb title_text=\u00bbglobal-stethescope-75&#215;75&#8243; align=\u00bbcenter\u00bb _builder_version=\u00bb4.20.4&#8243; _module_preset=\u00bbdefault\u00bb width=\u00bb75px\u00bb max_width=\u00bb75px\u00bb locked=\u00bboff\u00bb global_colors_info=\u00bb{}\u00bb][\/et_pb_image][et_pb_text module_id=\u00bborange-chevron\u00bb module_class=\u00bbforma link-pink\u00bb _builder_version=\u00bb4.16&#8243; text_font_size=\u00bb21px\u00bb text_orientation=\u00bbcenter\u00bb locked=\u00bboff\u00bb global_colors_info=\u00bb{}\u00bb]<\/p>\n<p><a href=\"https:\/\/truecare.org\/es\/carreras\/\">Carreras <i class=\"fas fa-chevron-right\"><\/i><\/a><\/p>\n<p>[\/et_pb_text][\/et_pb_column][\/et_pb_row][\/et_pb_section]<\/p>\n<span class=\"et_bloom_bottom_trigger\"><\/span>","protected":false},"excerpt":{"rendered":"<p>Programe una vacuna contra el COVID-19 en l\u00ednea<span><span><a href=\"https:\/\/truecare.org\/es\/\">Inicio<\/a><\/span><\/span>Hemos hecho que sea m\u00e1s f\u00e1cil programar su vacunaci\u00f3n y refuerzo en l\u00ednea.Ahora puede programar sus citas de vacunaci\u00f3n y refuerzo contra el [&hellip;]<\/p>\n","protected":false},"author":7,"featured_media":0,"parent":0,"menu_order":0,"comment_status":"closed","ping_status":"closed","template":"","meta":{"_acf_changed":false,"_et_pb_use_builder":"on","_et_pb_old_content":"","_et_gb_content_width":"","inline_featured_image":false,"footnotes":""},"class_list":["post-23296","page","type-page","status-publish","hentry"],"acf":[],"yoast_head":"<!-- This site is optimized with the Yoast SEO plugin v27.3 - https:\/\/yoast.com\/product\/yoast-seo-wordpress\/ -->\n<title>Programe su Vacuna Contra el COVID-19 en L\u00ednea | TrueCare<\/title>\n<meta name=\"description\" content=\"Ahora puede programar sus citas de vacunaci\u00f3n y refuerzo contra el COVID-19 con nuestra programaci\u00f3n en l\u00ednea.\" \/>\n<meta name=\"robots\" content=\"index, follow, max-snippet:-1, max-image-preview:large, max-video-preview:-1\" \/>\n<link rel=\"canonical\" href=\"https:\/\/truecare.org\/es\/programe-una-vacuna-contra-el-covid-19-en-linea\/\" \/>\n<meta property=\"og:locale\" content=\"es_ES\" \/>\n<meta property=\"og:type\" content=\"article\" \/>\n<meta property=\"og:title\" content=\"Programe su Vacuna Contra el COVID-19 en L\u00ednea | TrueCare\" \/>\n<meta property=\"og:description\" content=\"Ahora puede programar sus citas de vacunaci\u00f3n y refuerzo contra el COVID-19 con nuestra programaci\u00f3n en l\u00ednea.\" \/>\n<meta property=\"og:site_name\" content=\"TrueCare\" \/>\n<meta property=\"article:publisher\" content=\"https:\/\/www.facebook.com\/healthtruecare\" \/>\n<meta property=\"article:modified_time\" content=\"2025-09-25T22:10:40+00:00\" \/>\n<meta name=\"twitter:card\" content=\"summary_large_image\" \/>\n<meta name=\"twitter:site\" content=\"@healthtruecare\" \/>\n<meta name=\"twitter:label1\" content=\"Tiempo de lectura\" \/>\n\t<meta name=\"twitter:data1\" content=\"2 minutos\" \/>\n<script type=\"application\/ld+json\" class=\"yoast-schema-graph\">{\"@context\":\"https:\\\/\\\/schema.org\",\"@graph\":[{\"@type\":\"WebPage\",\"@id\":\"https:\\\/\\\/truecare.org\\\/es\\\/programe-una-vacuna-contra-el-covid-19-en-linea\\\/\",\"url\":\"https:\\\/\\\/truecare.org\\\/es\\\/programe-una-vacuna-contra-el-covid-19-en-linea\\\/\",\"name\":\"Programe su Vacuna Contra el COVID-19 en L\u00ednea | TrueCare\",\"isPartOf\":{\"@id\":\"https:\\\/\\\/truecare.org\\\/es\\\/#website\"},\"datePublished\":\"2022-03-14T16:57:22+00:00\",\"dateModified\":\"2025-09-25T22:10:40+00:00\",\"description\":\"Ahora puede programar sus citas de vacunaci\u00f3n y refuerzo contra el COVID-19 con nuestra programaci\u00f3n en l\u00ednea.\",\"breadcrumb\":{\"@id\":\"https:\\\/\\\/truecare.org\\\/es\\\/programe-una-vacuna-contra-el-covid-19-en-linea\\\/#breadcrumb\"},\"inLanguage\":\"es\",\"potentialAction\":[{\"@type\":\"ReadAction\",\"target\":[\"https:\\\/\\\/truecare.org\\\/es\\\/programe-una-vacuna-contra-el-covid-19-en-linea\\\/\"]}]},{\"@type\":\"BreadcrumbList\",\"@id\":\"https:\\\/\\\/truecare.org\\\/es\\\/programe-una-vacuna-contra-el-covid-19-en-linea\\\/#breadcrumb\",\"itemListElement\":[{\"@type\":\"ListItem\",\"position\":1,\"name\":\"Inicio\",\"item\":\"https:\\\/\\\/truecare.org\\\/es\\\/\"},{\"@type\":\"ListItem\",\"position\":2,\"name\":\"Programe una vacuna contra el COVID-19 en l\u00ednea\"}]},{\"@type\":\"WebSite\",\"@id\":\"https:\\\/\\\/truecare.org\\\/es\\\/#website\",\"url\":\"https:\\\/\\\/truecare.org\\\/es\\\/\",\"name\":\"TrueCare\",\"description\":\"Health inside. Welcome in.\",\"publisher\":{\"@id\":\"https:\\\/\\\/truecare.org\\\/es\\\/#organization\"},\"potentialAction\":[{\"@type\":\"SearchAction\",\"target\":{\"@type\":\"EntryPoint\",\"urlTemplate\":\"https:\\\/\\\/truecare.org\\\/es\\\/?s={search_term_string}\"},\"query-input\":{\"@type\":\"PropertyValueSpecification\",\"valueRequired\":true,\"valueName\":\"search_term_string\"}}],\"inLanguage\":\"es\"},{\"@type\":\"Organization\",\"@id\":\"https:\\\/\\\/truecare.org\\\/es\\\/#organization\",\"name\":\"TrueCare\",\"url\":\"https:\\\/\\\/truecare.org\\\/es\\\/\",\"logo\":{\"@type\":\"ImageObject\",\"inLanguage\":\"es\",\"@id\":\"https:\\\/\\\/truecare.org\\\/es\\\/#\\\/schema\\\/logo\\\/image\\\/\",\"url\":\"https:\\\/\\\/truecare.org\\\/wp-content\\\/uploads\\\/truecare-logo-header-205x45-1.svg\",\"contentUrl\":\"https:\\\/\\\/truecare.org\\\/wp-content\\\/uploads\\\/truecare-logo-header-205x45-1.svg\",\"width\":\"1024\",\"height\":\"1024\",\"caption\":\"TrueCare\"},\"image\":{\"@id\":\"https:\\\/\\\/truecare.org\\\/es\\\/#\\\/schema\\\/logo\\\/image\\\/\"},\"sameAs\":[\"https:\\\/\\\/www.facebook.com\\\/healthtruecare\",\"https:\\\/\\\/x.com\\\/healthtruecare\",\"https:\\\/\\\/www.instagram.com\\\/truecare.health\\\/\",\"https:\\\/\\\/www.linkedin.com\\\/company\\\/health-truecare\\\/\",\"https:\\\/\\\/www.youtube.com\\\/channel\\\/UClN83htaiuzCzfzdikXPCTw\",\"https:\\\/\\\/www.pinterest.com\\\/healthtruecare\"]}]}<\/script>\n<!-- \/ Yoast SEO plugin. -->","yoast_head_json":{"title":"Programe su Vacuna Contra el COVID-19 en L\u00ednea | TrueCare","description":"Ahora puede programar sus citas de vacunaci\u00f3n y refuerzo contra el COVID-19 con nuestra programaci\u00f3n en l\u00ednea.","robots":{"index":"index","follow":"follow","max-snippet":"max-snippet:-1","max-image-preview":"max-image-preview:large","max-video-preview":"max-video-preview:-1"},"canonical":"https:\/\/truecare.org\/es\/programe-una-vacuna-contra-el-covid-19-en-linea\/","og_locale":"es_ES","og_type":"article","og_title":"Programe su Vacuna Contra el COVID-19 en L\u00ednea | TrueCare","og_description":"Ahora puede programar sus citas de vacunaci\u00f3n y refuerzo contra el COVID-19 con nuestra programaci\u00f3n en l\u00ednea.","og_site_name":"TrueCare","article_publisher":"https:\/\/www.facebook.com\/healthtruecare","article_modified_time":"2025-09-25T22:10:40+00:00","twitter_card":"summary_large_image","twitter_site":"@healthtruecare","twitter_misc":{"Tiempo de lectura":"2 minutos"},"schema":{"@context":"https:\/\/schema.org","@graph":[{"@type":"WebPage","@id":"https:\/\/truecare.org\/es\/programe-una-vacuna-contra-el-covid-19-en-linea\/","url":"https:\/\/truecare.org\/es\/programe-una-vacuna-contra-el-covid-19-en-linea\/","name":"Programe su Vacuna Contra el COVID-19 en L\u00ednea | TrueCare","isPartOf":{"@id":"https:\/\/truecare.org\/es\/#website"},"datePublished":"2022-03-14T16:57:22+00:00","dateModified":"2025-09-25T22:10:40+00:00","description":"Ahora puede programar sus citas de vacunaci\u00f3n y refuerzo contra el COVID-19 con nuestra programaci\u00f3n en l\u00ednea.","breadcrumb":{"@id":"https:\/\/truecare.org\/es\/programe-una-vacuna-contra-el-covid-19-en-linea\/#breadcrumb"},"inLanguage":"es","potentialAction":[{"@type":"ReadAction","target":["https:\/\/truecare.org\/es\/programe-una-vacuna-contra-el-covid-19-en-linea\/"]}]},{"@type":"BreadcrumbList","@id":"https:\/\/truecare.org\/es\/programe-una-vacuna-contra-el-covid-19-en-linea\/#breadcrumb","itemListElement":[{"@type":"ListItem","position":1,"name":"Inicio","item":"https:\/\/truecare.org\/es\/"},{"@type":"ListItem","position":2,"name":"Programe una vacuna contra el COVID-19 en l\u00ednea"}]},{"@type":"WebSite","@id":"https:\/\/truecare.org\/es\/#website","url":"https:\/\/truecare.org\/es\/","name":"TrueCare","description":"Health inside. Welcome in.","publisher":{"@id":"https:\/\/truecare.org\/es\/#organization"},"potentialAction":[{"@type":"SearchAction","target":{"@type":"EntryPoint","urlTemplate":"https:\/\/truecare.org\/es\/?s={search_term_string}"},"query-input":{"@type":"PropertyValueSpecification","valueRequired":true,"valueName":"search_term_string"}}],"inLanguage":"es"},{"@type":"Organization","@id":"https:\/\/truecare.org\/es\/#organization","name":"TrueCare","url":"https:\/\/truecare.org\/es\/","logo":{"@type":"ImageObject","inLanguage":"es","@id":"https:\/\/truecare.org\/es\/#\/schema\/logo\/image\/","url":"https:\/\/truecare.org\/wp-content\/uploads\/truecare-logo-header-205x45-1.svg","contentUrl":"https:\/\/truecare.org\/wp-content\/uploads\/truecare-logo-header-205x45-1.svg","width":"1024","height":"1024","caption":"TrueCare"},"image":{"@id":"https:\/\/truecare.org\/es\/#\/schema\/logo\/image\/"},"sameAs":["https:\/\/www.facebook.com\/healthtruecare","https:\/\/x.com\/healthtruecare","https:\/\/www.instagram.com\/truecare.health\/","https:\/\/www.linkedin.com\/company\/health-truecare\/","https:\/\/www.youtube.com\/channel\/UClN83htaiuzCzfzdikXPCTw","https:\/\/www.pinterest.com\/healthtruecare"]}]}},"_links":{"self":[{"href":"https:\/\/truecare.org\/es\/wp-json\/wp\/v2\/pages\/23296","targetHints":{"allow":["GET"]}}],"collection":[{"href":"https:\/\/truecare.org\/es\/wp-json\/wp\/v2\/pages"}],"about":[{"href":"https:\/\/truecare.org\/es\/wp-json\/wp\/v2\/types\/page"}],"author":[{"embeddable":true,"href":"https:\/\/truecare.org\/es\/wp-json\/wp\/v2\/users\/7"}],"replies":[{"embeddable":true,"href":"https:\/\/truecare.org\/es\/wp-json\/wp\/v2\/comments?post=23296"}],"version-history":[{"count":8,"href":"https:\/\/truecare.org\/es\/wp-json\/wp\/v2\/pages\/23296\/revisions"}],"predecessor-version":[{"id":47686,"href":"https:\/\/truecare.org\/es\/wp-json\/wp\/v2\/pages\/23296\/revisions\/47686"}],"wp:attachment":[{"href":"https:\/\/truecare.org\/es\/wp-json\/wp\/v2\/media?parent=23296"}],"curies":[{"name":"wp","href":"https:\/\/api.w.org\/{rel}","templated":true}]}}